{"id":762,"date":"2023-07-06T15:25:33","date_gmt":"2023-07-06T13:25:33","guid":{"rendered":"https:\/\/apex-race.com\/strona-glowna\/"},"modified":"2023-07-29T09:22:19","modified_gmt":"2023-07-29T07:22:19","slug":"strona-glowna","status":"publish","type":"page","link":"https:\/\/apex-race.com\/pl\/","title":{"rendered":"Strona g\u0142\u00f3wna"},"content":{"rendered":"<div class=\"fusion-fullwidth fullwidth-box fusion-builder-row-1 fusion-flex-container has-pattern-background has-mask-background nonhundred-percent-fullwidth non-hundred-percent-height-scrolling\" style=\"--awb-border-radius-top-left:0px;--awb-border-radius-top-right:0px;--awb-border-radius-bottom-right:0px;--awb-border-radius-bottom-left:0px;--awb-flex-wrap:wrap;\" ><div class=\"fusion-builder-row fusion-row fusion-flex-align-items-flex-start fusion-flex-content-wrap\" style=\"max-width:1248px;margin-left: calc(-4% \/ 2 );margin-right: calc(-4% \/ 2 );\"><div class=\"fusion-layout-column fusion_builder_column fusion-builder-column-0 fusion_builder_column_1_1 1_1 fusion-flex-column\" style=\"--awb-bg-size:cover;--awb-width-large:100%;--awb-margin-top-large:0px;--awb-spacing-right-large:1.92%;--awb-margin-bottom-large:20px;--awb-spacing-left-large:1.92%;--awb-width-medium:100%;--awb-order-medium:0;--awb-spacing-right-medium:1.92%;--awb-spacing-left-medium:1.92%;--awb-width-small:100%;--awb-order-small:0;--awb-spacing-right-small:1.92%;--awb-spacing-left-small:1.92%;\"><div class=\"fusion-column-wrapper fusion-column-has-shadow fusion-flex-justify-content-flex-start fusion-content-layout-column\"><div class=\"fusion-post-slider fusion-flexslider fusion-flexslider-loading flexslider-posts\"><ul class=\"slides\"><li><a href=\"https:\/\/apex-race.com\/pl\/recenzja\/volkswagen-karmann-ghia-type-14\/\" aria-label=\"Volkswagen Karmann Ghia Type 14: Klasyczne pi\u0119kno spotyka doskona\u0142\u0105 wydajno\u015b\u0107! Przeczytaj nasz\u0105 recenzj\u0119 i przekonaj si\u0119 sam!\"><img decoding=\"async\" width=\"2560\" height=\"1153\" class=\"wp-image-9629\" src=\"https:\/\/apex-race.com\/wp-content\/uploads\/2023\/10\/20230924_184602-scaled.jpg\" alt=\"\" srcset=\"https:\/\/apex-race.com\/wp-content\/uploads\/2023\/10\/20230924_184602-200x90.jpg 200w, https:\/\/apex-race.com\/wp-content\/uploads\/2023\/10\/20230924_184602-400x180.jpg 400w, https:\/\/apex-race.com\/wp-content\/uploads\/2023\/10\/20230924_184602-600x270.jpg 600w, https:\/\/apex-race.com\/wp-content\/uploads\/2023\/10\/20230924_184602-800x360.jpg 800w, https:\/\/apex-race.com\/wp-content\/uploads\/2023\/10\/20230924_184602-1200x540.jpg 1200w, https:\/\/apex-race.com\/wp-content\/uploads\/2023\/10\/20230924_184602-scaled.jpg 2560w\" sizes=\"(max-width: 640px) 100vw, 1200px\" \/><\/a><div class=\"slide-excerpt\"><h2><a href=\"https:\/\/apex-race.com\/pl\/recenzja\/volkswagen-karmann-ghia-type-14\/\">Volkswagen Karmann Ghia Type 14: Klasyczne pi\u0119kno spotyka doskona\u0142\u0105 wydajno\u015b\u0107! Przeczytaj nasz\u0105 recenzj\u0119 i przekonaj si\u0119 sam!<\/a><\/h2><\/div><\/li><\/ul><\/div><div class=\"fusion-section-separator section-separator triangle fusion-section-separator-1\" style=\"--awb-border-top:30px solid #ffffff;--awb-spacer-height:30px;--awb-svg-margin-left:1.92%;--awb-svg-margin-right:1.92%;--awb-svg-margin-left-medium:1.92%;--awb-svg-margin-right-medium:1.92%;--awb-svg-margin-left-small:1.92%;--awb-svg-margin-right-small:1.92%;--awb-icon-color:var(--awb-color1);--awb-icon-top:-40px;\"><div class=\"fusion-section-separator-svg\"><div class=\"divider-candy-arrow top\" style=\"bottom:30px;border-bottom-color: var(--awb-color2);\"><\/div><div class=\"divider-candy top\" style=\"top:-50px;border-bottom:1px solid #ffffff;border-left:1px solid #ffffff;\"><\/div><\/div><div class=\"fusion-section-separator-spacer\"><div class=\"fusion-section-separator-spacer-height\"><\/div><\/div><\/div><div class=\"fusion-recent-posts fusion-recent-posts-1 avada-container layout-default layout-columns-3\"><section class=\"fusion-columns columns fusion-columns-3 columns-3\"><article class=\"post fusion-column column col col-lg-4 col-md-4 col-sm-4\"><div class=\"fusion-flexslider fusion-flexslider-loading flexslider flexslider-hover-type-none\"><ul class=\"slides\"><li><a href=\"https:\/\/apex-race.com\/pl\/subaru-3\/subaru-xv\/\" aria-label=\"Subaru XV 1.6: Przeja\u017cd\u017cka w Przysz\u0142o\u015b\u0107! Sprawd\u017a, Dlaczego To Auto Rz\u0105dzi na Szosach!\" class=\"hover-type-none\"><img decoding=\"async\" width=\"700\" height=\"441\" src=\"https:\/\/apex-race.com\/wp-content\/uploads\/2024\/10\/2024-10-04-09.49.56-A-2012-Subaru-XV-parked-in-a-scenic-mountain-landscape-viewed-from-a-3_4-front-angle.-The-car-is-on-a-gravel-road-surrounded-by-tall-pine-trees-and--700x441.webp\" class=\"attachment-recent-posts size-recent-posts\" alt=\"\" srcset=\"https:\/\/apex-race.com\/wp-content\/uploads\/2024\/10\/2024-10-04-09.49.56-A-2012-Subaru-XV-parked-in-a-scenic-mountain-landscape-viewed-from-a-3_4-front-angle.-The-car-is-on-a-gravel-road-surrounded-by-tall-pine-trees-and--320x202.webp 320w, https:\/\/apex-race.com\/wp-content\/uploads\/2024\/10\/2024-10-04-09.49.56-A-2012-Subaru-XV-parked-in-a-scenic-mountain-landscape-viewed-from-a-3_4-front-angle.-The-car-is-on-a-gravel-road-surrounded-by-tall-pine-trees-and--700x441.webp 700w\" sizes=\"(max-width: 700px) 100vw, 700px\" \/><\/a><\/li><\/ul><\/div><div class=\"recent-posts-content\"><span class=\"vcard\" style=\"display: none;\"><span class=\"fn\"><a href=\"https:\/\/apex-race.com\/pl\/author\/jakob\/\" title=\"Wpisy od Jakob\" rel=\"author\">Jakob<\/a><\/span><\/span><span class=\"updated\" style=\"display:none;\">2024-10-04T10:36:52+02:00<\/span><h4 class=\"entry-title\"><a href=\"https:\/\/apex-race.com\/pl\/subaru-3\/subaru-xv\/\">Subaru XV 1.6: Przeja\u017cd\u017cka w Przysz\u0142o\u015b\u0107! Sprawd\u017a, Dlaczego To Auto Rz\u0105dzi na Szosach!<\/a><\/h4><p class=\"meta\"><span class=\"vcard\" style=\"display: none;\"><span class=\"fn\"><a href=\"https:\/\/apex-race.com\/pl\/author\/jakob\/\" title=\"Wpisy od Jakob\" rel=\"author\">Jakob<\/a><\/span><\/span><span class=\"updated\" style=\"display:none;\">2024-10-04T10:36:52+02:00<\/span><\/p><\/div><\/article><article class=\"post fusion-column column col col-lg-4 col-md-4 col-sm-4\"><div class=\"fusion-flexslider fusion-flexslider-loading flexslider flexslider-hover-type-none\"><ul class=\"slides\"><li><a href=\"https:\/\/apex-race.com\/pl\/nissan-3\/370z-roadster-nissan-3\/nissan-370z\/\" aria-label=\"Odkryj Moc i Styl: Przeja\u017cd\u017cka po \u015awiecie Nissan 370Z!\" class=\"hover-type-none\"><img decoding=\"async\" width=\"700\" height=\"441\" src=\"https:\/\/apex-race.com\/wp-content\/uploads\/2024\/01\/Nissan-370Z-700x441.jpg\" class=\"attachment-recent-posts size-recent-posts\" alt=\"\" srcset=\"https:\/\/apex-race.com\/wp-content\/uploads\/2024\/01\/Nissan-370Z-320x202.jpg 320w, https:\/\/apex-race.com\/wp-content\/uploads\/2024\/01\/Nissan-370Z-700x441.jpg 700w\" sizes=\"(max-width: 700px) 100vw, 700px\" \/><\/a><\/li><\/ul><\/div><div class=\"recent-posts-content\"><span class=\"vcard\" style=\"display: none;\"><span class=\"fn\"><a href=\"https:\/\/apex-race.com\/pl\/author\/jakob\/\" title=\"Wpisy od Jakob\" rel=\"author\">Jakob<\/a><\/span><\/span><span class=\"updated\" style=\"display:none;\">2024-10-03T18:24:38+02:00<\/span><h4 class=\"entry-title\"><a href=\"https:\/\/apex-race.com\/pl\/nissan-3\/370z-roadster-nissan-3\/nissan-370z\/\">Odkryj Moc i Styl: Przeja\u017cd\u017cka po \u015awiecie Nissan 370Z!<\/a><\/h4><p class=\"meta\"><span class=\"vcard\" style=\"display: none;\"><span class=\"fn\"><a href=\"https:\/\/apex-race.com\/pl\/author\/jakob\/\" title=\"Wpisy od Jakob\" rel=\"author\">Jakob<\/a><\/span><\/span><span class=\"updated\" style=\"display:none;\">2024-10-03T18:24:38+02:00<\/span><\/p><\/div><\/article><article class=\"post fusion-column column col col-lg-4 col-md-4 col-sm-4\"><div class=\"fusion-flexslider fusion-flexslider-loading flexslider flexslider-hover-type-none\"><ul class=\"slides\"><li><a href=\"https:\/\/apex-race.com\/pl\/nissan-3\/wyjatkowe-doznania-za-kierownica-przeczytaj-recenzje-nissana-370z-roadster-i-poznaj-moc-emocji-na-drodze\/\" aria-label=\"Wyj\u0105tkowe doznania za kierownic\u0105! Przeczytaj recenzj\u0119 Nissana 370Z Roadster i poznaj moc emocji na drodze!\" class=\"hover-type-none\"><img decoding=\"async\" width=\"700\" height=\"441\" src=\"https:\/\/apex-race.com\/wp-content\/uploads\/2024\/01\/Nissan-370Z-700x441.jpg\" class=\"attachment-recent-posts size-recent-posts\" alt=\"\" srcset=\"https:\/\/apex-race.com\/wp-content\/uploads\/2024\/01\/Nissan-370Z-320x202.jpg 320w, https:\/\/apex-race.com\/wp-content\/uploads\/2024\/01\/Nissan-370Z-700x441.jpg 700w\" sizes=\"(max-width: 700px) 100vw, 700px\" \/><\/a><\/li><\/ul><\/div><div class=\"recent-posts-content\"><span class=\"vcard\" style=\"display: none;\"><span class=\"fn\"><a href=\"https:\/\/apex-race.com\/pl\/author\/rodrigo\/\" title=\"Wpisy od Rodrigo\" rel=\"author\">Rodrigo<\/a><\/span><\/span><span class=\"updated\" style=\"display:none;\">2024-02-23T19:05:02+01:00<\/span><h4 class=\"entry-title\"><a href=\"https:\/\/apex-race.com\/pl\/nissan-3\/wyjatkowe-doznania-za-kierownica-przeczytaj-recenzje-nissana-370z-roadster-i-poznaj-moc-emocji-na-drodze\/\">Wyj\u0105tkowe doznania za kierownic\u0105! Przeczytaj recenzj\u0119 Nissana 370Z Roadster i poznaj moc emocji na drodze!<\/a><\/h4><p class=\"meta\"><span class=\"vcard\" style=\"display: none;\"><span class=\"fn\"><a href=\"https:\/\/apex-race.com\/pl\/author\/rodrigo\/\" title=\"Wpisy od Rodrigo\" rel=\"author\">Rodrigo<\/a><\/span><\/span><span class=\"updated\" style=\"display:none;\">2024-02-23T19:05:02+01:00<\/span><\/p><\/div><\/article><article class=\"post fusion-column column col col-lg-4 col-md-4 col-sm-4\"><div class=\"fusion-flexslider fusion-flexslider-loading flexslider flexslider-hover-type-none\"><ul class=\"slides\"><li><a href=\"https:\/\/apex-race.com\/pl\/nissan-3\/odkryj-potezna-moc-i-styl-2012-nissan-x-trail-przeczytaj-nasza-recenzje-samochodu-i-zdecyduj-sie-na-niezapomniana-jazde-juz-dzis\/\" aria-label=\"Odkryj pot\u0119\u017cn\u0105 moc i styl 2012 Nissan X-Trail! Przeczytaj nasz\u0105 recenzj\u0119 samochodu i zdecyduj si\u0119 na niezapomnian\u0105 jazd\u0119 ju\u017c dzi\u015b!\" class=\"hover-type-none\"><img decoding=\"async\" width=\"700\" height=\"441\" src=\"https:\/\/apex-race.com\/wp-content\/uploads\/2024\/01\/Nissan-XTrail-700x441.jpg\" class=\"attachment-recent-posts size-recent-posts\" alt=\"\" srcset=\"https:\/\/apex-race.com\/wp-content\/uploads\/2024\/01\/Nissan-XTrail-320x202.jpg 320w, https:\/\/apex-race.com\/wp-content\/uploads\/2024\/01\/Nissan-XTrail-700x441.jpg 700w\" sizes=\"(max-width: 700px) 100vw, 700px\" \/><\/a><\/li><\/ul><\/div><div class=\"recent-posts-content\"><span class=\"vcard\" style=\"display: none;\"><span class=\"fn\"><a href=\"https:\/\/apex-race.com\/pl\/author\/rodrigo\/\" title=\"Wpisy od Rodrigo\" rel=\"author\">Rodrigo<\/a><\/span><\/span><span class=\"updated\" style=\"display:none;\">2024-02-23T18:59:26+01:00<\/span><h4 class=\"entry-title\"><a href=\"https:\/\/apex-race.com\/pl\/nissan-3\/odkryj-potezna-moc-i-styl-2012-nissan-x-trail-przeczytaj-nasza-recenzje-samochodu-i-zdecyduj-sie-na-niezapomniana-jazde-juz-dzis\/\">Odkryj pot\u0119\u017cn\u0105 moc i styl 2012 Nissan X-Trail! Przeczytaj nasz\u0105 recenzj\u0119 samochodu i zdecyduj si\u0119 na niezapomnian\u0105 jazd\u0119 ju\u017c dzi\u015b!<\/a><\/h4><p class=\"meta\"><span class=\"vcard\" style=\"display: none;\"><span class=\"fn\"><a href=\"https:\/\/apex-race.com\/pl\/author\/rodrigo\/\" title=\"Wpisy od Rodrigo\" rel=\"author\">Rodrigo<\/a><\/span><\/span><span class=\"updated\" style=\"display:none;\">2024-02-23T18:59:26+01:00<\/span><\/p><\/div><\/article><article class=\"post fusion-column column col col-lg-4 col-md-4 col-sm-4\"><div class=\"recent-posts-content\"><span class=\"vcard\" style=\"display: none;\"><span class=\"fn\"><a href=\"https:\/\/apex-race.com\/pl\/author\/rodrigo\/\" title=\"Wpisy od Rodrigo\" rel=\"author\">Rodrigo<\/a><\/span><\/span><span class=\"updated\" style=\"display:none;\">2024-02-23T18:54:16+01:00<\/span><h4 class=\"entry-title\"><a href=\"https:\/\/apex-race.com\/pl\/volkswagen-3\/vw-caddy-maxi-przeglad-samochodu-z-niezwyklym-potencjalem-przeczytaj-nasza-recenzje-i-przekonaj-sie-sam\/\">VW Caddy Maxi: Przegl\u0105d samochodu z niezwyk\u0142ym potencja\u0142em! Przeczytaj nasz\u0105 recenzj\u0119 i przekonaj si\u0119 sam!<\/a><\/h4><p class=\"meta\"><span class=\"vcard\" style=\"display: none;\"><span class=\"fn\"><a href=\"https:\/\/apex-race.com\/pl\/author\/rodrigo\/\" title=\"Wpisy od Rodrigo\" rel=\"author\">Rodrigo<\/a><\/span><\/span><span class=\"updated\" style=\"display:none;\">2024-02-23T18:54:16+01:00<\/span><\/p><\/div><\/article><article class=\"post fusion-column column col col-lg-4 col-md-4 col-sm-4\"><div class=\"recent-posts-content\"><span class=\"vcard\" style=\"display: none;\"><span class=\"fn\"><a href=\"https:\/\/apex-race.com\/pl\/author\/rodrigo\/\" title=\"Wpisy od Rodrigo\" rel=\"author\">Rodrigo<\/a><\/span><\/span><span class=\"updated\" style=\"display:none;\">2024-02-23T18:45:13+01:00<\/span><h4 class=\"entry-title\"><a href=\"https:\/\/apex-race.com\/pl\/volkswagen-3\/przekonaj-sie-dlaczego-vw-golf-4-to-samochod-na-ktorym-nie-mozesz-przegapic\/\">Przekonaj si\u0119, dlaczego VW Golf 4 to samoch\u00f3d, na kt\u00f3rym nie mo\u017cesz przegapi\u0107!<\/a><\/h4><p class=\"meta\"><span class=\"vcard\" style=\"display: none;\"><span class=\"fn\"><a href=\"https:\/\/apex-race.com\/pl\/author\/rodrigo\/\" title=\"Wpisy od Rodrigo\" rel=\"author\">Rodrigo<\/a><\/span><\/span><span class=\"updated\" style=\"display:none;\">2024-02-23T18:45:13+01:00<\/span><\/p><\/div><\/article><\/section><\/div><\/div><\/div><\/div><\/div>\n","protected":false},"excerpt":{"rendered":"","protected":false},"author":1,"featured_media":0,"parent":0,"menu_order":0,"comment_status":"closed","ping_status":"closed","template":"100-width.php","meta":{"footnotes":""},"class_list":["post-762","page","type-page","status-publish","hentry"],"yoast_head":"<!-- This site is optimized with the Yoast SEO Premium plugin v26.2 (Yoast SEO v27.3) - https:\/\/yoast.com\/product\/yoast-seo-premium-wordpress\/ -->\n<title>Strona g\u0142\u00f3wna - Apex Race<\/title>\n<meta name=\"description\" content=\"Zanurz si\u0119 w \u015bwiat pojazd\u00f3w z Apex Race - Twoim kompleksowym \u017ar\u00f3d\u0142em szczeg\u00f3\u0142owych recenzji samochod\u00f3w i motocykli, ekspert\u00f3w w swoim fachu oraz wysokiej jako\u015bci tre\u015bci wideo. Czy jeste\u015b entuzjast\u0105, czy przygotowujesz si\u0119 do kolejnego zakupu, nasze dog\u0142\u0119bne oceny i emocjonuj\u0105ce nagrania maj\u0105 na celu przekierowa\u0107 Ci\u0119 do najlepszej decyzji. Prowad\u017a swoj\u0105 pasj\u0119 z Apex Race!\" \/>\n<meta name=\"robots\" content=\"index, follow, max-snippet:-1, max-image-preview:large, max-video-preview:-1\" \/>\n<link rel=\"canonical\" href=\"https:\/\/apex-race.com\/pl\/\" \/>\n<meta property=\"og:locale\" content=\"pl_PL\" \/>\n<meta property=\"og:type\" content=\"article\" \/>\n<meta property=\"og:title\" content=\"Strona g\u0142\u00f3wna\" \/>\n<meta property=\"og:description\" content=\"Zanurz si\u0119 w \u015bwiat pojazd\u00f3w z Apex Race - Twoim kompleksowym \u017ar\u00f3d\u0142em szczeg\u00f3\u0142owych recenzji samochod\u00f3w i motocykli, ekspert\u00f3w w swoim fachu oraz wysokiej jako\u015bci tre\u015bci wideo. Czy jeste\u015b entuzjast\u0105, czy przygotowujesz si\u0119 do kolejnego zakupu, nasze dog\u0142\u0119bne oceny i emocjonuj\u0105ce nagrania maj\u0105 na celu przekierowa\u0107 Ci\u0119 do najlepszej decyzji. Prowad\u017a swoj\u0105 pasj\u0119 z Apex Race!\" \/>\n<meta property=\"og:url\" content=\"https:\/\/apex-race.com\/pl\/\" \/>\n<meta property=\"og:site_name\" content=\"Apex Race\" \/>\n<meta property=\"article:publisher\" content=\"https:\/\/www.facebook.com\/apexraceberlin\" \/>\n<meta property=\"article:modified_time\" content=\"2023-07-29T07:22:19+00:00\" \/>\n<meta name=\"twitter:card\" content=\"summary_large_image\" \/>\n<meta name=\"twitter:label1\" content=\"Szacowany czas czytania\" \/>\n\t<meta name=\"twitter:data1\" content=\"2 minuty\" \/>\n<script type=\"application\/ld+json\" class=\"yoast-schema-graph\">{\"@context\":\"https:\\\/\\\/schema.org\",\"@graph\":[{\"@type\":\"WebPage\",\"@id\":\"https:\\\/\\\/apex-race.com\\\/pl\\\/\",\"url\":\"https:\\\/\\\/apex-race.com\\\/pl\\\/\",\"name\":\"Strona g\u0142\u00f3wna - Apex Race\",\"isPartOf\":{\"@id\":\"https:\\\/\\\/apex-race.com\\\/pl\\\/#website\"},\"datePublished\":\"2023-07-06T13:25:33+00:00\",\"dateModified\":\"2023-07-29T07:22:19+00:00\",\"description\":\"Zanurz si\u0119 w \u015bwiat pojazd\u00f3w z Apex Race - Twoim kompleksowym \u017ar\u00f3d\u0142em szczeg\u00f3\u0142owych recenzji samochod\u00f3w i motocykli, ekspert\u00f3w w swoim fachu oraz wysokiej jako\u015bci tre\u015bci wideo. Czy jeste\u015b entuzjast\u0105, czy przygotowujesz si\u0119 do kolejnego zakupu, nasze dog\u0142\u0119bne oceny i emocjonuj\u0105ce nagrania maj\u0105 na celu przekierowa\u0107 Ci\u0119 do najlepszej decyzji. Prowad\u017a swoj\u0105 pasj\u0119 z Apex Race!\",\"breadcrumb\":{\"@id\":\"https:\\\/\\\/apex-race.com\\\/pl\\\/#breadcrumb\"},\"inLanguage\":\"pl-PL\",\"potentialAction\":[{\"@type\":\"ReadAction\",\"target\":[\"https:\\\/\\\/apex-race.com\\\/pl\\\/\"]}]},{\"@type\":\"BreadcrumbList\",\"@id\":\"https:\\\/\\\/apex-race.com\\\/pl\\\/#breadcrumb\",\"itemListElement\":[{\"@type\":\"ListItem\",\"position\":1,\"name\":\"Home\",\"item\":\"https:\\\/\\\/apex-race.com\\\/pl\\\/\"},{\"@type\":\"ListItem\",\"position\":2,\"name\":\"Strona g\u0142\u00f3wna\"}]},{\"@type\":\"WebSite\",\"@id\":\"https:\\\/\\\/apex-race.com\\\/pl\\\/#website\",\"url\":\"https:\\\/\\\/apex-race.com\\\/pl\\\/\",\"name\":\"Apex Race\",\"description\":\"Steering Your Passion for the Open Road\",\"publisher\":{\"@id\":\"https:\\\/\\\/apex-race.com\\\/pl\\\/#organization\"},\"potentialAction\":[{\"@type\":\"SearchAction\",\"target\":{\"@type\":\"EntryPoint\",\"urlTemplate\":\"https:\\\/\\\/apex-race.com\\\/pl\\\/?s={search_term_string}\"},\"query-input\":{\"@type\":\"PropertyValueSpecification\",\"valueRequired\":true,\"valueName\":\"search_term_string\"}}],\"inLanguage\":\"pl-PL\"},{\"@type\":[\"Organization\",\"Place\"],\"@id\":\"https:\\\/\\\/apex-race.com\\\/pl\\\/#organization\",\"name\":\"Apex Race\",\"alternateName\":\"AR\",\"url\":\"https:\\\/\\\/apex-race.com\\\/pl\\\/\",\"logo\":{\"@id\":\"https:\\\/\\\/apex-race.com\\\/pl\\\/#local-main-organization-logo\"},\"image\":{\"@id\":\"https:\\\/\\\/apex-race.com\\\/pl\\\/#local-main-organization-logo\"},\"sameAs\":[\"https:\\\/\\\/www.facebook.com\\\/apexraceberlin\"],\"description\":\"Steering Your Passion for the Open Road\",\"telephone\":[],\"openingHoursSpecification\":[{\"@type\":\"OpeningHoursSpecification\",\"dayOfWeek\":[\"Monday\",\"Tuesday\",\"Wednesday\",\"Thursday\",\"Friday\",\"Saturday\",\"Sunday\"],\"opens\":\"09:00\",\"closes\":\"17:00\"}]},{\"@type\":\"ImageObject\",\"inLanguage\":\"pl-PL\",\"@id\":\"https:\\\/\\\/apex-race.com\\\/pl\\\/#local-main-organization-logo\",\"url\":\"https:\\\/\\\/apex-race.com\\\/wp-content\\\/uploads\\\/2024\\\/10\\\/Apex-Race-Logo-Header-Dark-scaled-e1688797985282.jpeg\",\"contentUrl\":\"https:\\\/\\\/apex-race.com\\\/wp-content\\\/uploads\\\/2024\\\/10\\\/Apex-Race-Logo-Header-Dark-scaled-e1688797985282.jpeg\",\"width\":125,\"height\":66,\"caption\":\"Apex Race\"}]}<\/script>\n<!-- \/ Yoast SEO Premium plugin. -->","yoast_head_json":{"title":"Strona g\u0142\u00f3wna - Apex Race","description":"Zanurz si\u0119 w \u015bwiat pojazd\u00f3w z Apex Race - Twoim kompleksowym \u017ar\u00f3d\u0142em szczeg\u00f3\u0142owych recenzji samochod\u00f3w i motocykli, ekspert\u00f3w w swoim fachu oraz wysokiej jako\u015bci tre\u015bci wideo. Czy jeste\u015b entuzjast\u0105, czy przygotowujesz si\u0119 do kolejnego zakupu, nasze dog\u0142\u0119bne oceny i emocjonuj\u0105ce nagrania maj\u0105 na celu przekierowa\u0107 Ci\u0119 do najlepszej decyzji. Prowad\u017a swoj\u0105 pasj\u0119 z Apex Race!","robots":{"index":"index","follow":"follow","max-snippet":"max-snippet:-1","max-image-preview":"max-image-preview:large","max-video-preview":"max-video-preview:-1"},"canonical":"https:\/\/apex-race.com\/pl\/","og_locale":"pl_PL","og_type":"article","og_title":"Strona g\u0142\u00f3wna","og_description":"Zanurz si\u0119 w \u015bwiat pojazd\u00f3w z Apex Race - Twoim kompleksowym \u017ar\u00f3d\u0142em szczeg\u00f3\u0142owych recenzji samochod\u00f3w i motocykli, ekspert\u00f3w w swoim fachu oraz wysokiej jako\u015bci tre\u015bci wideo. Czy jeste\u015b entuzjast\u0105, czy przygotowujesz si\u0119 do kolejnego zakupu, nasze dog\u0142\u0119bne oceny i emocjonuj\u0105ce nagrania maj\u0105 na celu przekierowa\u0107 Ci\u0119 do najlepszej decyzji. Prowad\u017a swoj\u0105 pasj\u0119 z Apex Race!","og_url":"https:\/\/apex-race.com\/pl\/","og_site_name":"Apex Race","article_publisher":"https:\/\/www.facebook.com\/apexraceberlin","article_modified_time":"2023-07-29T07:22:19+00:00","twitter_card":"summary_large_image","twitter_misc":{"Szacowany czas czytania":"2 minuty"},"schema":{"@context":"https:\/\/schema.org","@graph":[{"@type":"WebPage","@id":"https:\/\/apex-race.com\/pl\/","url":"https:\/\/apex-race.com\/pl\/","name":"Strona g\u0142\u00f3wna - Apex Race","isPartOf":{"@id":"https:\/\/apex-race.com\/pl\/#website"},"datePublished":"2023-07-06T13:25:33+00:00","dateModified":"2023-07-29T07:22:19+00:00","description":"Zanurz si\u0119 w \u015bwiat pojazd\u00f3w z Apex Race - Twoim kompleksowym \u017ar\u00f3d\u0142em szczeg\u00f3\u0142owych recenzji samochod\u00f3w i motocykli, ekspert\u00f3w w swoim fachu oraz wysokiej jako\u015bci tre\u015bci wideo. Czy jeste\u015b entuzjast\u0105, czy przygotowujesz si\u0119 do kolejnego zakupu, nasze dog\u0142\u0119bne oceny i emocjonuj\u0105ce nagrania maj\u0105 na celu przekierowa\u0107 Ci\u0119 do najlepszej decyzji. Prowad\u017a swoj\u0105 pasj\u0119 z Apex Race!","breadcrumb":{"@id":"https:\/\/apex-race.com\/pl\/#breadcrumb"},"inLanguage":"pl-PL","potentialAction":[{"@type":"ReadAction","target":["https:\/\/apex-race.com\/pl\/"]}]},{"@type":"BreadcrumbList","@id":"https:\/\/apex-race.com\/pl\/#breadcrumb","itemListElement":[{"@type":"ListItem","position":1,"name":"Home","item":"https:\/\/apex-race.com\/pl\/"},{"@type":"ListItem","position":2,"name":"Strona g\u0142\u00f3wna"}]},{"@type":"WebSite","@id":"https:\/\/apex-race.com\/pl\/#website","url":"https:\/\/apex-race.com\/pl\/","name":"Apex Race","description":"Steering Your Passion for the Open Road","publisher":{"@id":"https:\/\/apex-race.com\/pl\/#organization"},"potentialAction":[{"@type":"SearchAction","target":{"@type":"EntryPoint","urlTemplate":"https:\/\/apex-race.com\/pl\/?s={search_term_string}"},"query-input":{"@type":"PropertyValueSpecification","valueRequired":true,"valueName":"search_term_string"}}],"inLanguage":"pl-PL"},{"@type":["Organization","Place"],"@id":"https:\/\/apex-race.com\/pl\/#organization","name":"Apex Race","alternateName":"AR","url":"https:\/\/apex-race.com\/pl\/","logo":{"@id":"https:\/\/apex-race.com\/pl\/#local-main-organization-logo"},"image":{"@id":"https:\/\/apex-race.com\/pl\/#local-main-organization-logo"},"sameAs":["https:\/\/www.facebook.com\/apexraceberlin"],"description":"Steering Your Passion for the Open Road","telephone":[],"openingHoursSpecification":[{"@type":"OpeningHoursSpecification","dayOfWeek":["Monday","Tuesday","Wednesday","Thursday","Friday","Saturday","Sunday"],"opens":"09:00","closes":"17:00"}]},{"@type":"ImageObject","inLanguage":"pl-PL","@id":"https:\/\/apex-race.com\/pl\/#local-main-organization-logo","url":"https:\/\/apex-race.com\/wp-content\/uploads\/2024\/10\/Apex-Race-Logo-Header-Dark-scaled-e1688797985282.jpeg","contentUrl":"https:\/\/apex-race.com\/wp-content\/uploads\/2024\/10\/Apex-Race-Logo-Header-Dark-scaled-e1688797985282.jpeg","width":125,"height":66,"caption":"Apex Race"}]}},"_links":{"self":[{"href":"https:\/\/apex-race.com\/pl\/wp-json\/wp\/v2\/pages\/762","targetHints":{"allow":["GET"]}}],"collection":[{"href":"https:\/\/apex-race.com\/pl\/wp-json\/wp\/v2\/pages"}],"about":[{"href":"https:\/\/apex-race.com\/pl\/wp-json\/wp\/v2\/types\/page"}],"author":[{"embeddable":true,"href":"https:\/\/apex-race.com\/pl\/wp-json\/wp\/v2\/users\/1"}],"replies":[{"embeddable":true,"href":"https:\/\/apex-race.com\/pl\/wp-json\/wp\/v2\/comments?post=762"}],"version-history":[{"count":3,"href":"https:\/\/apex-race.com\/pl\/wp-json\/wp\/v2\/pages\/762\/revisions"}],"predecessor-version":[{"id":3346,"href":"https:\/\/apex-race.com\/pl\/wp-json\/wp\/v2\/pages\/762\/revisions\/3346"}],"wp:attachment":[{"href":"https:\/\/apex-race.com\/pl\/wp-json\/wp\/v2\/media?parent=762"}],"curies":[{"name":"wp","href":"https:\/\/api.w.org\/{rel}","templated":true}]}}