{"id":735,"date":"2023-07-06T15:25:33","date_gmt":"2023-07-06T13:25:33","guid":{"rendered":"https:\/\/apex-race.com\/home\/"},"modified":"2023-07-06T18:05:23","modified_gmt":"2023-07-06T16:05:23","slug":"home","status":"publish","type":"page","link":"https:\/\/apex-race.com\/hu\/","title":{"rendered":"Home"},"content":{"rendered":"<div class=\"fusion-fullwidth fullwidth-box fusion-builder-row-1 fusion-flex-container has-pattern-background has-mask-background nonhundred-percent-fullwidth non-hundred-percent-height-scrolling\" style=\"--awb-border-radius-top-left:0px;--awb-border-radius-top-right:0px;--awb-border-radius-bottom-right:0px;--awb-border-radius-bottom-left:0px;--awb-flex-wrap:wrap;\" ><div class=\"fusion-builder-row fusion-row fusion-flex-align-items-flex-start fusion-flex-content-wrap\" style=\"max-width:1248px;margin-left: calc(-4% \/ 2 );margin-right: calc(-4% \/ 2 );\"><div class=\"fusion-layout-column fusion_builder_column fusion-builder-column-0 fusion_builder_column_1_1 1_1 fusion-flex-column\" style=\"--awb-bg-size:cover;--awb-width-large:100%;--awb-margin-top-large:0px;--awb-spacing-right-large:1.92%;--awb-margin-bottom-large:20px;--awb-spacing-left-large:1.92%;--awb-width-medium:100%;--awb-order-medium:0;--awb-spacing-right-medium:1.92%;--awb-spacing-left-medium:1.92%;--awb-width-small:100%;--awb-order-small:0;--awb-spacing-right-small:1.92%;--awb-spacing-left-small:1.92%;\"><div class=\"fusion-column-wrapper fusion-column-has-shadow fusion-flex-justify-content-flex-start fusion-content-layout-column\"><div class=\"fusion-recent-posts fusion-recent-posts-1 avada-container layout-default layout-columns-3\"><section class=\"fusion-columns columns fusion-columns-3 columns-3\"><article class=\"post fusion-column column col col-lg-4 col-md-4 col-sm-4\"><div class=\"fusion-flexslider fusion-flexslider-loading flexslider flexslider-hover-type-none\"><ul class=\"slides\"><li><a href=\"https:\/\/apex-race.com\/hu\/sportkocsi\/porsche-boxster-986-a-sportkocsik-felfedezetlen-gyongyszeme-leleplezodott\/\" aria-label=\"Porsche Boxster 986: A sportkocsik felfedezetlen gy\u00f6ngyszeme! Leleplez\u0151d\u00f6tt!\" class=\"hover-type-none\"><img decoding=\"async\" width=\"700\" height=\"441\" src=\"https:\/\/apex-race.com\/wp-content\/uploads\/2023\/07\/20230618_071431-700x441.jpg\" class=\"attachment-recent-posts size-recent-posts\" alt=\"\" srcset=\"https:\/\/apex-race.com\/wp-content\/uploads\/2023\/07\/20230618_071431-320x202.jpg 320w, https:\/\/apex-race.com\/wp-content\/uploads\/2023\/07\/20230618_071431-700x441.jpg 700w\" sizes=\"(max-width: 700px) 100vw, 700px\" \/><\/a><\/li><\/ul><\/div><div class=\"recent-posts-content\"><span class=\"entry-title\" style=\"display: none;\">Porsche Boxster 986: A sportkocsik felfedezetlen gy\u00f6ngyszeme! Leleplez\u0151d\u00f6tt!<\/span><span class=\"vcard\" style=\"display: none;\"><span class=\"fn\"><a href=\"https:\/\/apex-race.com\/hu\/author\/jakob\/\" title=\"Jakob bejegyz\u00e9se\" rel=\"author\">Jakob<\/a><\/span><\/span><span class=\"updated\" style=\"display:none;\">2023-07-06T13:00:50+02:00<\/span><p class=\"meta\"><span class=\"vcard\" style=\"display: none;\"><span class=\"fn\"><a href=\"https:\/\/apex-race.com\/hu\/author\/jakob\/\" title=\"Jakob bejegyz\u00e9se\" rel=\"author\">Jakob<\/a><\/span><\/span><span class=\"updated\" style=\"display:none;\">2023-07-06T13:00:50+02:00<\/span><span>2023.07.05.<\/span><span class=\"fusion-inline-sep\">|<\/span><span class=\"fusion-comments\"><a href=\"https:\/\/apex-race.com\/hu\/sportkocsi\/porsche-boxster-986-a-sportkocsik-felfedezetlen-gyongyszeme-leleplezodott\/#respond\">0 Comments<\/a><\/span><\/p><p> Tartalom:  T\u00f6rt\u00e9nelem Tervez\u00e9s Modell \u00e1ttekint\u00e9s Vezet\u00e9si jellemz\u0151k Alkalmass\u00e1g mindennapi haszn\u00e1latra Karbantart\u00e1si k\u00f6lts\u00e9gek Motoriz\u00e1ci\u00f3 Sebezhet\u0151s\u00e9gek                    [...]<\/p><\/div><\/article><\/section><\/div><\/div><\/div><\/div><\/div>\n","protected":false},"excerpt":{"rendered":"","protected":false},"author":1,"featured_media":0,"parent":0,"menu_order":0,"comment_status":"closed","ping_status":"closed","template":"100-width.php","meta":{"footnotes":""},"class_list":["post-735","page","type-page","status-publish","hentry"],"yoast_head":"<!-- This site is optimized with the Yoast SEO Premium plugin v26.2 (Yoast SEO v27.4) - https:\/\/yoast.com\/product\/yoast-seo-premium-wordpress\/ -->\n<title>Home - Apex Race<\/title>\n<meta name=\"robots\" content=\"index, follow, max-snippet:-1, max-image-preview:large, max-video-preview:-1\" \/>\n<link rel=\"canonical\" href=\"https:\/\/apex-race.com\/hu\/\" \/>\n<meta property=\"og:locale\" content=\"hu_HU\" \/>\n<meta property=\"og:type\" content=\"article\" \/>\n<meta property=\"og:title\" content=\"Home\" \/>\n<meta property=\"og:url\" content=\"https:\/\/apex-race.com\/hu\/\" \/>\n<meta property=\"og:site_name\" content=\"Apex Race\" \/>\n<meta property=\"article:publisher\" content=\"https:\/\/www.facebook.com\/apexraceberlin\" \/>\n<meta property=\"article:modified_time\" content=\"2023-07-06T16:05:23+00:00\" \/>\n<meta name=\"twitter:card\" content=\"summary_large_image\" \/>\n<meta name=\"twitter:label1\" content=\"Becs\u00fclt olvas\u00e1si id\u0151\" \/>\n\t<meta name=\"twitter:data1\" content=\"5 perc\" \/>\n<script type=\"application\/ld+json\" class=\"yoast-schema-graph\">{\"@context\":\"https:\\\/\\\/schema.org\",\"@graph\":[{\"@type\":\"WebPage\",\"@id\":\"https:\\\/\\\/apex-race.com\\\/hu\\\/\",\"url\":\"https:\\\/\\\/apex-race.com\\\/hu\\\/\",\"name\":\"Home - Apex Race\",\"isPartOf\":{\"@id\":\"https:\\\/\\\/apex-race.com\\\/hu\\\/#website\"},\"datePublished\":\"2023-07-06T13:25:33+00:00\",\"dateModified\":\"2023-07-06T16:05:23+00:00\",\"breadcrumb\":{\"@id\":\"https:\\\/\\\/apex-race.com\\\/hu\\\/#breadcrumb\"},\"inLanguage\":\"hu\",\"potentialAction\":[{\"@type\":\"ReadAction\",\"target\":[\"https:\\\/\\\/apex-race.com\\\/hu\\\/\"]}]},{\"@type\":\"BreadcrumbList\",\"@id\":\"https:\\\/\\\/apex-race.com\\\/hu\\\/#breadcrumb\",\"itemListElement\":[{\"@type\":\"ListItem\",\"position\":1,\"name\":\"Home\",\"item\":\"https:\\\/\\\/apex-race.com\\\/hu\\\/\"},{\"@type\":\"ListItem\",\"position\":2,\"name\":\"Home\"}]},{\"@type\":\"WebSite\",\"@id\":\"https:\\\/\\\/apex-race.com\\\/hu\\\/#website\",\"url\":\"https:\\\/\\\/apex-race.com\\\/hu\\\/\",\"name\":\"Apex Race\",\"description\":\"Steering Your Passion for the Open Road\",\"publisher\":{\"@id\":\"https:\\\/\\\/apex-race.com\\\/hu\\\/#organization\"},\"potentialAction\":[{\"@type\":\"SearchAction\",\"target\":{\"@type\":\"EntryPoint\",\"urlTemplate\":\"https:\\\/\\\/apex-race.com\\\/hu\\\/?s={search_term_string}\"},\"query-input\":{\"@type\":\"PropertyValueSpecification\",\"valueRequired\":true,\"valueName\":\"search_term_string\"}}],\"inLanguage\":\"hu\"},{\"@type\":[\"Organization\",\"Place\"],\"@id\":\"https:\\\/\\\/apex-race.com\\\/hu\\\/#organization\",\"name\":\"Apex Race\",\"alternateName\":\"AR\",\"url\":\"https:\\\/\\\/apex-race.com\\\/hu\\\/\",\"logo\":{\"@id\":\"https:\\\/\\\/apex-race.com\\\/hu\\\/#local-main-organization-logo\"},\"image\":{\"@id\":\"https:\\\/\\\/apex-race.com\\\/hu\\\/#local-main-organization-logo\"},\"sameAs\":[\"https:\\\/\\\/www.facebook.com\\\/apexraceberlin\"],\"description\":\"Steering Your Passion for the Open Road\",\"telephone\":[],\"openingHoursSpecification\":[{\"@type\":\"OpeningHoursSpecification\",\"dayOfWeek\":[\"Monday\",\"Tuesday\",\"Wednesday\",\"Thursday\",\"Friday\",\"Saturday\",\"Sunday\"],\"opens\":\"09:00\",\"closes\":\"17:00\"}]},{\"@type\":\"ImageObject\",\"inLanguage\":\"hu\",\"@id\":\"https:\\\/\\\/apex-race.com\\\/hu\\\/#local-main-organization-logo\",\"url\":\"https:\\\/\\\/apex-race.com\\\/wp-content\\\/uploads\\\/2024\\\/10\\\/Apex-Race-Logo-Header-Dark-scaled-e1688797985282.jpeg\",\"contentUrl\":\"https:\\\/\\\/apex-race.com\\\/wp-content\\\/uploads\\\/2024\\\/10\\\/Apex-Race-Logo-Header-Dark-scaled-e1688797985282.jpeg\",\"width\":125,\"height\":66,\"caption\":\"Apex Race\"}]}<\/script>\n<!-- \/ Yoast SEO Premium plugin. -->","yoast_head_json":{"title":"Home - Apex Race","robots":{"index":"index","follow":"follow","max-snippet":"max-snippet:-1","max-image-preview":"max-image-preview:large","max-video-preview":"max-video-preview:-1"},"canonical":"https:\/\/apex-race.com\/hu\/","og_locale":"hu_HU","og_type":"article","og_title":"Home","og_url":"https:\/\/apex-race.com\/hu\/","og_site_name":"Apex Race","article_publisher":"https:\/\/www.facebook.com\/apexraceberlin","article_modified_time":"2023-07-06T16:05:23+00:00","twitter_card":"summary_large_image","twitter_misc":{"Becs\u00fclt olvas\u00e1si id\u0151":"5 perc"},"schema":{"@context":"https:\/\/schema.org","@graph":[{"@type":"WebPage","@id":"https:\/\/apex-race.com\/hu\/","url":"https:\/\/apex-race.com\/hu\/","name":"Home - Apex Race","isPartOf":{"@id":"https:\/\/apex-race.com\/hu\/#website"},"datePublished":"2023-07-06T13:25:33+00:00","dateModified":"2023-07-06T16:05:23+00:00","breadcrumb":{"@id":"https:\/\/apex-race.com\/hu\/#breadcrumb"},"inLanguage":"hu","potentialAction":[{"@type":"ReadAction","target":["https:\/\/apex-race.com\/hu\/"]}]},{"@type":"BreadcrumbList","@id":"https:\/\/apex-race.com\/hu\/#breadcrumb","itemListElement":[{"@type":"ListItem","position":1,"name":"Home","item":"https:\/\/apex-race.com\/hu\/"},{"@type":"ListItem","position":2,"name":"Home"}]},{"@type":"WebSite","@id":"https:\/\/apex-race.com\/hu\/#website","url":"https:\/\/apex-race.com\/hu\/","name":"Apex Race","description":"Steering Your Passion for the Open Road","publisher":{"@id":"https:\/\/apex-race.com\/hu\/#organization"},"potentialAction":[{"@type":"SearchAction","target":{"@type":"EntryPoint","urlTemplate":"https:\/\/apex-race.com\/hu\/?s={search_term_string}"},"query-input":{"@type":"PropertyValueSpecification","valueRequired":true,"valueName":"search_term_string"}}],"inLanguage":"hu"},{"@type":["Organization","Place"],"@id":"https:\/\/apex-race.com\/hu\/#organization","name":"Apex Race","alternateName":"AR","url":"https:\/\/apex-race.com\/hu\/","logo":{"@id":"https:\/\/apex-race.com\/hu\/#local-main-organization-logo"},"image":{"@id":"https:\/\/apex-race.com\/hu\/#local-main-organization-logo"},"sameAs":["https:\/\/www.facebook.com\/apexraceberlin"],"description":"Steering Your Passion for the Open Road","telephone":[],"openingHoursSpecification":[{"@type":"OpeningHoursSpecification","dayOfWeek":["Monday","Tuesday","Wednesday","Thursday","Friday","Saturday","Sunday"],"opens":"09:00","closes":"17:00"}]},{"@type":"ImageObject","inLanguage":"hu","@id":"https:\/\/apex-race.com\/hu\/#local-main-organization-logo","url":"https:\/\/apex-race.com\/wp-content\/uploads\/2024\/10\/Apex-Race-Logo-Header-Dark-scaled-e1688797985282.jpeg","contentUrl":"https:\/\/apex-race.com\/wp-content\/uploads\/2024\/10\/Apex-Race-Logo-Header-Dark-scaled-e1688797985282.jpeg","width":125,"height":66,"caption":"Apex Race"}]}},"_links":{"self":[{"href":"https:\/\/apex-race.com\/hu\/wp-json\/wp\/v2\/pages\/735","targetHints":{"allow":["GET"]}}],"collection":[{"href":"https:\/\/apex-race.com\/hu\/wp-json\/wp\/v2\/pages"}],"about":[{"href":"https:\/\/apex-race.com\/hu\/wp-json\/wp\/v2\/types\/page"}],"author":[{"embeddable":true,"href":"https:\/\/apex-race.com\/hu\/wp-json\/wp\/v2\/users\/1"}],"replies":[{"embeddable":true,"href":"https:\/\/apex-race.com\/hu\/wp-json\/wp\/v2\/comments?post=735"}],"version-history":[{"count":2,"href":"https:\/\/apex-race.com\/hu\/wp-json\/wp\/v2\/pages\/735\/revisions"}],"predecessor-version":[{"id":737,"href":"https:\/\/apex-race.com\/hu\/wp-json\/wp\/v2\/pages\/735\/revisions\/737"}],"wp:attachment":[{"href":"https:\/\/apex-race.com\/hu\/wp-json\/wp\/v2\/media?parent=735"}],"curies":[{"name":"wp","href":"https:\/\/api.w.org\/{rel}","templated":true}]}}