{"id":726,"date":"2023-07-06T15:25:33","date_gmt":"2023-07-06T13:25:33","guid":{"rendered":"https:\/\/apex-race.com\/accueil\/"},"modified":"2023-07-29T09:18:12","modified_gmt":"2023-07-29T07:18:12","slug":"accueil","status":"publish","type":"page","link":"https:\/\/apex-race.com\/fr\/","title":{"rendered":"Accueil"},"content":{"rendered":"<div class=\"fusion-fullwidth fullwidth-box fusion-builder-row-1 fusion-flex-container has-pattern-background has-mask-background nonhundred-percent-fullwidth non-hundred-percent-height-scrolling\" style=\"--awb-border-radius-top-left:0px;--awb-border-radius-top-right:0px;--awb-border-radius-bottom-right:0px;--awb-border-radius-bottom-left:0px;--awb-flex-wrap:wrap;\" ><div class=\"fusion-builder-row fusion-row fusion-flex-align-items-flex-start fusion-flex-content-wrap\" style=\"max-width:1248px;margin-left: calc(-4% \/ 2 );margin-right: calc(-4% \/ 2 );\"><div class=\"fusion-layout-column fusion_builder_column fusion-builder-column-0 fusion_builder_column_1_1 1_1 fusion-flex-column\" style=\"--awb-bg-size:cover;--awb-width-large:100%;--awb-margin-top-large:0px;--awb-spacing-right-large:1.92%;--awb-margin-bottom-large:20px;--awb-spacing-left-large:1.92%;--awb-width-medium:100%;--awb-order-medium:0;--awb-spacing-right-medium:1.92%;--awb-spacing-left-medium:1.92%;--awb-width-small:100%;--awb-order-small:0;--awb-spacing-right-small:1.92%;--awb-spacing-left-small:1.92%;\"><div class=\"fusion-column-wrapper fusion-column-has-shadow fusion-flex-justify-content-flex-start fusion-content-layout-column\"><div class=\"fusion-post-slider fusion-flexslider fusion-flexslider-loading flexslider-posts\"><ul class=\"slides\"><li><a href=\"https:\/\/apex-race.com\/fr\/critique-de-voiture\/subaru-xv\/\" aria-label=\"D\u00e9couvrez le Subaru XV: Red\u00e9couvrez l&rsquo;Aventure!   Lisez notre article pour voir comment ce crossover dynamique ravive l&rsquo;esprit de l&rsquo;exploration au quotidien!\"><img decoding=\"async\" width=\"1792\" height=\"1024\" class=\"wp-image-14328\" src=\"https:\/\/apex-race.com\/wp-content\/uploads\/2024\/10\/2024-10-04-09.49.56-A-2012-Subaru-XV-parked-in-a-scenic-mountain-landscape-viewed-from-a-3_4-front-angle.-The-car-is-on-a-gravel-road-surrounded-by-tall-pine-trees-and-.webp\" alt=\"\" srcset=\"https:\/\/apex-race.com\/wp-content\/uploads\/2024\/10\/2024-10-04-09.49.56-A-2012-Subaru-XV-parked-in-a-scenic-mountain-landscape-viewed-from-a-3_4-front-angle.-The-car-is-on-a-gravel-road-surrounded-by-tall-pine-trees-and--200x114.webp 200w, https:\/\/apex-race.com\/wp-content\/uploads\/2024\/10\/2024-10-04-09.49.56-A-2012-Subaru-XV-parked-in-a-scenic-mountain-landscape-viewed-from-a-3_4-front-angle.-The-car-is-on-a-gravel-road-surrounded-by-tall-pine-trees-and--300x171.webp 300w, https:\/\/apex-race.com\/wp-content\/uploads\/2024\/10\/2024-10-04-09.49.56-A-2012-Subaru-XV-parked-in-a-scenic-mountain-landscape-viewed-from-a-3_4-front-angle.-The-car-is-on-a-gravel-road-surrounded-by-tall-pine-trees-and--400x229.webp 400w, https:\/\/apex-race.com\/wp-content\/uploads\/2024\/10\/2024-10-04-09.49.56-A-2012-Subaru-XV-parked-in-a-scenic-mountain-landscape-viewed-from-a-3_4-front-angle.-The-car-is-on-a-gravel-road-surrounded-by-tall-pine-trees-and--600x343.webp 600w, https:\/\/apex-race.com\/wp-content\/uploads\/2024\/10\/2024-10-04-09.49.56-A-2012-Subaru-XV-parked-in-a-scenic-mountain-landscape-viewed-from-a-3_4-front-angle.-The-car-is-on-a-gravel-road-surrounded-by-tall-pine-trees-and--768x439.webp 768w, https:\/\/apex-race.com\/wp-content\/uploads\/2024\/10\/2024-10-04-09.49.56-A-2012-Subaru-XV-parked-in-a-scenic-mountain-landscape-viewed-from-a-3_4-front-angle.-The-car-is-on-a-gravel-road-surrounded-by-tall-pine-trees-and--800x457.webp 800w, https:\/\/apex-race.com\/wp-content\/uploads\/2024\/10\/2024-10-04-09.49.56-A-2012-Subaru-XV-parked-in-a-scenic-mountain-landscape-viewed-from-a-3_4-front-angle.-The-car-is-on-a-gravel-road-surrounded-by-tall-pine-trees-and--1024x585.webp 1024w, https:\/\/apex-race.com\/wp-content\/uploads\/2024\/10\/2024-10-04-09.49.56-A-2012-Subaru-XV-parked-in-a-scenic-mountain-landscape-viewed-from-a-3_4-front-angle.-The-car-is-on-a-gravel-road-surrounded-by-tall-pine-trees-and--1200x686.webp 1200w, https:\/\/apex-race.com\/wp-content\/uploads\/2024\/10\/2024-10-04-09.49.56-A-2012-Subaru-XV-parked-in-a-scenic-mountain-landscape-viewed-from-a-3_4-front-angle.-The-car-is-on-a-gravel-road-surrounded-by-tall-pine-trees-and--1536x878.webp 1536w, https:\/\/apex-race.com\/wp-content\/uploads\/2024\/10\/2024-10-04-09.49.56-A-2012-Subaru-XV-parked-in-a-scenic-mountain-landscape-viewed-from-a-3_4-front-angle.-The-car-is-on-a-gravel-road-surrounded-by-tall-pine-trees-and-.webp 1792w\" sizes=\"(max-width: 640px) 100vw, 1200px\" \/><\/a><div class=\"slide-excerpt\"><h2><a href=\"https:\/\/apex-race.com\/fr\/critique-de-voiture\/subaru-xv\/\">D\u00e9couvrez le Subaru XV: Red\u00e9couvrez l&rsquo;Aventure!   Lisez notre article pour voir comment ce crossover dynamique ravive l&rsquo;esprit de l&rsquo;exploration au quotidien!<\/a><\/h2><\/div><\/li><\/ul><\/div><div class=\"fusion-section-separator section-separator triangle fusion-section-separator-1\" style=\"--awb-border-top:30px solid #ffffff;--awb-spacer-height:30px;--awb-svg-margin-left:1.92%;--awb-svg-margin-right:1.92%;--awb-svg-margin-left-medium:1.92%;--awb-svg-margin-right-medium:1.92%;--awb-svg-margin-left-small:1.92%;--awb-svg-margin-right-small:1.92%;--awb-icon-color:var(--awb-color1);--awb-icon-top:-40px;\"><div class=\"fusion-section-separator-svg\"><div class=\"divider-candy-arrow top\" style=\"bottom:30px;border-bottom-color: var(--awb-color2);\"><\/div><div class=\"divider-candy top\" style=\"top:-50px;border-bottom:1px solid #ffffff;border-left:1px solid #ffffff;\"><\/div><\/div><div class=\"fusion-section-separator-spacer\"><div class=\"fusion-section-separator-spacer-height\"><\/div><\/div><\/div><div class=\"fusion-recent-posts fusion-recent-posts-1 avada-container layout-default layout-columns-3\"><section class=\"fusion-columns columns fusion-columns-3 columns-3\"><article class=\"post fusion-column column col col-lg-4 col-md-4 col-sm-4\"><div class=\"fusion-flexslider fusion-flexslider-loading flexslider flexslider-hover-type-none\"><ul class=\"slides\"><li><a href=\"https:\/\/apex-race.com\/fr\/critique-de-voiture\/subaru-xv\/\" aria-label=\"D\u00e9couvrez le Subaru XV: Red\u00e9couvrez l&rsquo;Aventure!  Lisez notre article pour voir comment ce crossover dynamique ravive l&rsquo;esprit de l&rsquo;exploration au quotidien!\" class=\"hover-type-none\"><img decoding=\"async\" width=\"700\" height=\"441\" src=\"https:\/\/apex-race.com\/wp-content\/uploads\/2024\/10\/2024-10-04-09.49.56-A-2012-Subaru-XV-parked-in-a-scenic-mountain-landscape-viewed-from-a-3_4-front-angle.-The-car-is-on-a-gravel-road-surrounded-by-tall-pine-trees-and--700x441.webp\" class=\"attachment-recent-posts size-recent-posts\" alt=\"\" srcset=\"https:\/\/apex-race.com\/wp-content\/uploads\/2024\/10\/2024-10-04-09.49.56-A-2012-Subaru-XV-parked-in-a-scenic-mountain-landscape-viewed-from-a-3_4-front-angle.-The-car-is-on-a-gravel-road-surrounded-by-tall-pine-trees-and--320x202.webp 320w, https:\/\/apex-race.com\/wp-content\/uploads\/2024\/10\/2024-10-04-09.49.56-A-2012-Subaru-XV-parked-in-a-scenic-mountain-landscape-viewed-from-a-3_4-front-angle.-The-car-is-on-a-gravel-road-surrounded-by-tall-pine-trees-and--700x441.webp 700w\" sizes=\"(max-width: 700px) 100vw, 700px\" \/><\/a><\/li><\/ul><\/div><div class=\"recent-posts-content\"><span class=\"vcard\" style=\"display: none;\"><span class=\"fn\"><a href=\"https:\/\/apex-race.com\/fr\/author\/jakob\/\" title=\"Articles par Jakob\" rel=\"author\">Jakob<\/a><\/span><\/span><span class=\"updated\" style=\"display:none;\">2024-10-05T09:56:32+02:00<\/span><h4 class=\"entry-title\"><a href=\"https:\/\/apex-race.com\/fr\/critique-de-voiture\/subaru-xv\/\">D\u00e9couvrez le Subaru XV: Red\u00e9couvrez l&rsquo;Aventure!   Lisez notre article pour voir comment ce crossover dynamique ravive l&rsquo;esprit de l&rsquo;exploration au quotidien!<\/a><\/h4><p class=\"meta\"><span class=\"vcard\" style=\"display: none;\"><span class=\"fn\"><a href=\"https:\/\/apex-race.com\/fr\/author\/jakob\/\" title=\"Articles par Jakob\" rel=\"author\">Jakob<\/a><\/span><\/span><span class=\"updated\" style=\"display:none;\">2024-10-05T09:56:32+02:00<\/span><\/p><\/div><\/article><article class=\"post fusion-column column col col-lg-4 col-md-4 col-sm-4\"><div class=\"fusion-flexslider fusion-flexslider-loading flexslider flexslider-hover-type-none\"><ul class=\"slides\"><li><a href=\"https:\/\/apex-race.com\/fr\/nissan-5\/essai-nissan-370z-roadster-laissez-vous-seduire-par-cette-bete-sur-roues\/\" aria-label=\"Essai Nissan 370Z Roadster : Laissez-vous s\u00e9duire par cette b\u00eate sur roues !\" class=\"hover-type-none\"><img decoding=\"async\" width=\"700\" height=\"441\" src=\"https:\/\/apex-race.com\/wp-content\/uploads\/2024\/01\/Nissan-370Z-700x441.jpg\" class=\"attachment-recent-posts size-recent-posts\" alt=\"\" srcset=\"https:\/\/apex-race.com\/wp-content\/uploads\/2024\/01\/Nissan-370Z-320x202.jpg 320w, https:\/\/apex-race.com\/wp-content\/uploads\/2024\/01\/Nissan-370Z-700x441.jpg 700w\" sizes=\"(max-width: 700px) 100vw, 700px\" \/><\/a><\/li><\/ul><\/div><div class=\"recent-posts-content\"><span class=\"vcard\" style=\"display: none;\"><span class=\"fn\"><a href=\"https:\/\/apex-race.com\/fr\/author\/rodrigo\/\" title=\"Articles par Rodrigo\" rel=\"author\">Rodrigo<\/a><\/span><\/span><span class=\"updated\" style=\"display:none;\">2024-02-23T19:04:58+01:00<\/span><h4 class=\"entry-title\"><a href=\"https:\/\/apex-race.com\/fr\/nissan-5\/essai-nissan-370z-roadster-laissez-vous-seduire-par-cette-bete-sur-roues\/\">Essai Nissan 370Z Roadster : Laissez-vous s\u00e9duire par cette b\u00eate sur roues !<\/a><\/h4><p class=\"meta\"><span class=\"vcard\" style=\"display: none;\"><span class=\"fn\"><a href=\"https:\/\/apex-race.com\/fr\/author\/rodrigo\/\" title=\"Articles par Rodrigo\" rel=\"author\">Rodrigo<\/a><\/span><\/span><span class=\"updated\" style=\"display:none;\">2024-02-23T19:04:58+01:00<\/span><\/p><\/div><\/article><article class=\"post fusion-column column col col-lg-4 col-md-4 col-sm-4\"><div class=\"fusion-flexslider fusion-flexslider-loading flexslider flexslider-hover-type-none\"><ul class=\"slides\"><li><a href=\"https:\/\/apex-race.com\/fr\/nissan-5\/decouvrez-le-nissan-x-trail-2012-essai-complet-et-impressionnant\/\" aria-label=\"D\u00e9couvrez le Nissan X-Trail 2012 : Essai complet et impressionnant!\" class=\"hover-type-none\"><img decoding=\"async\" width=\"700\" height=\"441\" src=\"https:\/\/apex-race.com\/wp-content\/uploads\/2024\/01\/Nissan-XTrail-700x441.jpg\" class=\"attachment-recent-posts size-recent-posts\" alt=\"\" srcset=\"https:\/\/apex-race.com\/wp-content\/uploads\/2024\/01\/Nissan-XTrail-320x202.jpg 320w, https:\/\/apex-race.com\/wp-content\/uploads\/2024\/01\/Nissan-XTrail-700x441.jpg 700w\" sizes=\"(max-width: 700px) 100vw, 700px\" \/><\/a><\/li><\/ul><\/div><div class=\"recent-posts-content\"><span class=\"vcard\" style=\"display: none;\"><span class=\"fn\"><a href=\"https:\/\/apex-race.com\/fr\/author\/rodrigo\/\" title=\"Articles par Rodrigo\" rel=\"author\">Rodrigo<\/a><\/span><\/span><span class=\"updated\" style=\"display:none;\">2024-02-23T18:59:19+01:00<\/span><h4 class=\"entry-title\"><a href=\"https:\/\/apex-race.com\/fr\/nissan-5\/decouvrez-le-nissan-x-trail-2012-essai-complet-et-impressionnant\/\">D\u00e9couvrez le Nissan X-Trail 2012 : Essai complet et impressionnant!<\/a><\/h4><p class=\"meta\"><span class=\"vcard\" style=\"display: none;\"><span class=\"fn\"><a href=\"https:\/\/apex-race.com\/fr\/author\/rodrigo\/\" title=\"Articles par Rodrigo\" rel=\"author\">Rodrigo<\/a><\/span><\/span><span class=\"updated\" style=\"display:none;\">2024-02-23T18:59:19+01:00<\/span><\/p><\/div><\/article><article class=\"post fusion-column column col col-lg-4 col-md-4 col-sm-4\"><div class=\"recent-posts-content\"><span class=\"vcard\" style=\"display: none;\"><span class=\"fn\"><a href=\"https:\/\/apex-race.com\/fr\/author\/rodrigo\/\" title=\"Articles par Rodrigo\" rel=\"author\">Rodrigo<\/a><\/span><\/span><span class=\"updated\" style=\"display:none;\">2024-02-23T18:53:57+01:00<\/span><h4 class=\"entry-title\"><a href=\"https:\/\/apex-race.com\/fr\/volkswagen-4\/vw-caddy-maxi-le-compagnon-ideal-pour-vos-aventures-decouvrez-notre-avis-et-embarquez-des-maintenant\/\">VW Caddy Maxi : Le Compagnon Id\u00e9al pour Vos Aventures ! D\u00e9couvrez Notre Avis et Embarquez d\u00e8s Maintenant !<\/a><\/h4><p class=\"meta\"><span class=\"vcard\" style=\"display: none;\"><span class=\"fn\"><a href=\"https:\/\/apex-race.com\/fr\/author\/rodrigo\/\" title=\"Articles par Rodrigo\" rel=\"author\">Rodrigo<\/a><\/span><\/span><span class=\"updated\" style=\"display:none;\">2024-02-23T18:53:57+01:00<\/span><\/p><\/div><\/article><article class=\"post fusion-column column col col-lg-4 col-md-4 col-sm-4\"><div class=\"recent-posts-content\"><span class=\"vcard\" style=\"display: none;\"><span class=\"fn\"><a href=\"https:\/\/apex-race.com\/fr\/author\/rodrigo\/\" title=\"Articles par Rodrigo\" rel=\"author\">Rodrigo<\/a><\/span><\/span><span class=\"updated\" style=\"display:none;\">2024-02-23T18:44:54+01:00<\/span><h4 class=\"entry-title\"><a href=\"https:\/\/apex-race.com\/fr\/volkswagen-4\/essai-de-la-vw-golf-4-redecouvrez-le-plaisir-de-conduire\/\">Essai de la VW Golf 4 : Red\u00e9couvrez le plaisir de conduire !<\/a><\/h4><p class=\"meta\"><span class=\"vcard\" style=\"display: none;\"><span class=\"fn\"><a href=\"https:\/\/apex-race.com\/fr\/author\/rodrigo\/\" title=\"Articles par Rodrigo\" rel=\"author\">Rodrigo<\/a><\/span><\/span><span class=\"updated\" style=\"display:none;\">2024-02-23T18:44:54+01:00<\/span><\/p><\/div><\/article><article class=\"post fusion-column column col col-lg-4 col-md-4 col-sm-4\"><div class=\"fusion-flexslider fusion-flexslider-loading flexslider flexslider-hover-type-none\"><ul class=\"slides\"><li><a href=\"https:\/\/apex-race.com\/fr\/toyota-5\/essai-de-la-toyota-auris-touring-hybrid-e180-decouvrez-la-voiture-du-futur-reservez-votre-essai-des-maintenant\/\" aria-label=\"Essai de la Toyota Auris Touring Hybrid E180 : D\u00e9couvrez la voiture du futur ! R\u00e9servez votre essai d\u00e8s maintenant !\" class=\"hover-type-none\"><img decoding=\"async\" width=\"700\" height=\"441\" src=\"https:\/\/apex-race.com\/wp-content\/uploads\/2024\/01\/IMG_20190727_122700-700x441.jpg\" class=\"attachment-recent-posts size-recent-posts\" alt=\"\" srcset=\"https:\/\/apex-race.com\/wp-content\/uploads\/2024\/01\/IMG_20190727_122700-320x202.jpg 320w, https:\/\/apex-race.com\/wp-content\/uploads\/2024\/01\/IMG_20190727_122700-700x441.jpg 700w\" sizes=\"(max-width: 700px) 100vw, 700px\" \/><\/a><\/li><\/ul><\/div><div class=\"recent-posts-content\"><span class=\"vcard\" style=\"display: none;\"><span class=\"fn\"><a href=\"https:\/\/apex-race.com\/fr\/author\/rodrigo\/\" title=\"Articles par Rodrigo\" rel=\"author\">Rodrigo<\/a><\/span><\/span><span class=\"updated\" style=\"display:none;\">2024-02-23T18:35:59+01:00<\/span><h4 class=\"entry-title\"><a href=\"https:\/\/apex-race.com\/fr\/toyota-5\/essai-de-la-toyota-auris-touring-hybrid-e180-decouvrez-la-voiture-du-futur-reservez-votre-essai-des-maintenant\/\">Essai de la Toyota Auris Touring Hybrid E180 : D\u00e9couvrez la voiture du futur ! R\u00e9servez votre essai d\u00e8s maintenant !<\/a><\/h4><p class=\"meta\"><span class=\"vcard\" style=\"display: none;\"><span class=\"fn\"><a href=\"https:\/\/apex-race.com\/fr\/author\/rodrigo\/\" title=\"Articles par Rodrigo\" rel=\"author\">Rodrigo<\/a><\/span><\/span><span class=\"updated\" style=\"display:none;\">2024-02-23T18:35:59+01:00<\/span><\/p><\/div><\/article><\/section><\/div><\/div><\/div><\/div><\/div>\n","protected":false},"excerpt":{"rendered":"","protected":false},"author":1,"featured_media":0,"parent":0,"menu_order":0,"comment_status":"closed","ping_status":"closed","template":"100-width.php","meta":{"footnotes":""},"class_list":["post-726","page","type-page","status-publish","hentry"],"yoast_head":"<!-- This site is optimized with the Yoast SEO Premium plugin v26.2 (Yoast SEO v27.4) - https:\/\/yoast.com\/product\/yoast-seo-premium-wordpress\/ -->\n<title>Accueil - Apex Race<\/title>\n<meta name=\"description\" content=\"Plongez-vous dans l&#039;univers des v\u00e9hicules avec Apex Race - votre source compl\u00e8te pour des critiques d\u00e9taill\u00e9es de voitures et de motos, des insights d&#039;experts et du contenu vid\u00e9o de haute qualit\u00e9. Que vous soyez un passionn\u00e9 ou que vous vous pr\u00e9pariez pour votre prochain achat, nos \u00e9valuations approfondies et nos images palpitantes sont con\u00e7ues pour vous guider vers la meilleure d\u00e9cision. Conduisez votre passion avec Apex Race!\" \/>\n<meta name=\"robots\" content=\"index, follow, max-snippet:-1, max-image-preview:large, max-video-preview:-1\" \/>\n<link rel=\"canonical\" href=\"https:\/\/apex-race.com\/fr\/\" \/>\n<meta property=\"og:locale\" content=\"fr_FR\" \/>\n<meta property=\"og:type\" content=\"article\" \/>\n<meta property=\"og:title\" content=\"Accueil\" \/>\n<meta property=\"og:description\" content=\"Plongez-vous dans l&#039;univers des v\u00e9hicules avec Apex Race - votre source compl\u00e8te pour des critiques d\u00e9taill\u00e9es de voitures et de motos, des insights d&#039;experts et du contenu vid\u00e9o de haute qualit\u00e9. Que vous soyez un passionn\u00e9 ou que vous vous pr\u00e9pariez pour votre prochain achat, nos \u00e9valuations approfondies et nos images palpitantes sont con\u00e7ues pour vous guider vers la meilleure d\u00e9cision. Conduisez votre passion avec Apex Race!\" \/>\n<meta property=\"og:url\" content=\"https:\/\/apex-race.com\/fr\/\" \/>\n<meta property=\"og:site_name\" content=\"Apex Race\" \/>\n<meta property=\"article:publisher\" content=\"https:\/\/www.facebook.com\/apexraceberlin\" \/>\n<meta property=\"article:modified_time\" content=\"2023-07-29T07:18:12+00:00\" \/>\n<meta name=\"twitter:card\" content=\"summary_large_image\" \/>\n<meta name=\"twitter:label1\" content=\"Dur\u00e9e de lecture estim\u00e9e\" \/>\n\t<meta name=\"twitter:data1\" content=\"2 minutes\" \/>\n<script type=\"application\/ld+json\" class=\"yoast-schema-graph\">{\"@context\":\"https:\\\/\\\/schema.org\",\"@graph\":[{\"@type\":\"WebPage\",\"@id\":\"https:\\\/\\\/apex-race.com\\\/fr\\\/\",\"url\":\"https:\\\/\\\/apex-race.com\\\/fr\\\/\",\"name\":\"Accueil - Apex Race\",\"isPartOf\":{\"@id\":\"https:\\\/\\\/apex-race.com\\\/fr\\\/#website\"},\"datePublished\":\"2023-07-06T13:25:33+00:00\",\"dateModified\":\"2023-07-29T07:18:12+00:00\",\"description\":\"Plongez-vous dans l'univers des v\u00e9hicules avec Apex Race - votre source compl\u00e8te pour des critiques d\u00e9taill\u00e9es de voitures et de motos, des insights d'experts et du contenu vid\u00e9o de haute qualit\u00e9. Que vous soyez un passionn\u00e9 ou que vous vous pr\u00e9pariez pour votre prochain achat, nos \u00e9valuations approfondies et nos images palpitantes sont con\u00e7ues pour vous guider vers la meilleure d\u00e9cision. Conduisez votre passion avec Apex Race!\",\"breadcrumb\":{\"@id\":\"https:\\\/\\\/apex-race.com\\\/fr\\\/#breadcrumb\"},\"inLanguage\":\"fr-FR\",\"potentialAction\":[{\"@type\":\"ReadAction\",\"target\":[\"https:\\\/\\\/apex-race.com\\\/fr\\\/\"]}]},{\"@type\":\"BreadcrumbList\",\"@id\":\"https:\\\/\\\/apex-race.com\\\/fr\\\/#breadcrumb\",\"itemListElement\":[{\"@type\":\"ListItem\",\"position\":1,\"name\":\"Home\",\"item\":\"https:\\\/\\\/apex-race.com\\\/fr\\\/\"},{\"@type\":\"ListItem\",\"position\":2,\"name\":\"Accueil\"}]},{\"@type\":\"WebSite\",\"@id\":\"https:\\\/\\\/apex-race.com\\\/fr\\\/#website\",\"url\":\"https:\\\/\\\/apex-race.com\\\/fr\\\/\",\"name\":\"Apex Race\",\"description\":\"Steering Your Passion for the Open Road\",\"publisher\":{\"@id\":\"https:\\\/\\\/apex-race.com\\\/fr\\\/#organization\"},\"potentialAction\":[{\"@type\":\"SearchAction\",\"target\":{\"@type\":\"EntryPoint\",\"urlTemplate\":\"https:\\\/\\\/apex-race.com\\\/fr\\\/?s={search_term_string}\"},\"query-input\":{\"@type\":\"PropertyValueSpecification\",\"valueRequired\":true,\"valueName\":\"search_term_string\"}}],\"inLanguage\":\"fr-FR\"},{\"@type\":[\"Organization\",\"Place\"],\"@id\":\"https:\\\/\\\/apex-race.com\\\/fr\\\/#organization\",\"name\":\"Apex Race\",\"alternateName\":\"AR\",\"url\":\"https:\\\/\\\/apex-race.com\\\/fr\\\/\",\"logo\":{\"@id\":\"https:\\\/\\\/apex-race.com\\\/fr\\\/#local-main-organization-logo\"},\"image\":{\"@id\":\"https:\\\/\\\/apex-race.com\\\/fr\\\/#local-main-organization-logo\"},\"sameAs\":[\"https:\\\/\\\/www.facebook.com\\\/apexraceberlin\"],\"description\":\"Steering Your Passion for the Open Road\",\"telephone\":[],\"openingHoursSpecification\":[{\"@type\":\"OpeningHoursSpecification\",\"dayOfWeek\":[\"Monday\",\"Tuesday\",\"Wednesday\",\"Thursday\",\"Friday\",\"Saturday\",\"Sunday\"],\"opens\":\"09:00\",\"closes\":\"17:00\"}]},{\"@type\":\"ImageObject\",\"inLanguage\":\"fr-FR\",\"@id\":\"https:\\\/\\\/apex-race.com\\\/fr\\\/#local-main-organization-logo\",\"url\":\"https:\\\/\\\/apex-race.com\\\/wp-content\\\/uploads\\\/2024\\\/10\\\/Apex-Race-Logo-Header-Dark-scaled-e1688797985282.jpeg\",\"contentUrl\":\"https:\\\/\\\/apex-race.com\\\/wp-content\\\/uploads\\\/2024\\\/10\\\/Apex-Race-Logo-Header-Dark-scaled-e1688797985282.jpeg\",\"width\":125,\"height\":66,\"caption\":\"Apex Race\"}]}<\/script>\n<!-- \/ Yoast SEO Premium plugin. -->","yoast_head_json":{"title":"Accueil - Apex Race","description":"Plongez-vous dans l'univers des v\u00e9hicules avec Apex Race - votre source compl\u00e8te pour des critiques d\u00e9taill\u00e9es de voitures et de motos, des insights d'experts et du contenu vid\u00e9o de haute qualit\u00e9. Que vous soyez un passionn\u00e9 ou que vous vous pr\u00e9pariez pour votre prochain achat, nos \u00e9valuations approfondies et nos images palpitantes sont con\u00e7ues pour vous guider vers la meilleure d\u00e9cision. Conduisez votre passion avec Apex Race!","robots":{"index":"index","follow":"follow","max-snippet":"max-snippet:-1","max-image-preview":"max-image-preview:large","max-video-preview":"max-video-preview:-1"},"canonical":"https:\/\/apex-race.com\/fr\/","og_locale":"fr_FR","og_type":"article","og_title":"Accueil","og_description":"Plongez-vous dans l'univers des v\u00e9hicules avec Apex Race - votre source compl\u00e8te pour des critiques d\u00e9taill\u00e9es de voitures et de motos, des insights d'experts et du contenu vid\u00e9o de haute qualit\u00e9. Que vous soyez un passionn\u00e9 ou que vous vous pr\u00e9pariez pour votre prochain achat, nos \u00e9valuations approfondies et nos images palpitantes sont con\u00e7ues pour vous guider vers la meilleure d\u00e9cision. Conduisez votre passion avec Apex Race!","og_url":"https:\/\/apex-race.com\/fr\/","og_site_name":"Apex Race","article_publisher":"https:\/\/www.facebook.com\/apexraceberlin","article_modified_time":"2023-07-29T07:18:12+00:00","twitter_card":"summary_large_image","twitter_misc":{"Dur\u00e9e de lecture estim\u00e9e":"2 minutes"},"schema":{"@context":"https:\/\/schema.org","@graph":[{"@type":"WebPage","@id":"https:\/\/apex-race.com\/fr\/","url":"https:\/\/apex-race.com\/fr\/","name":"Accueil - Apex Race","isPartOf":{"@id":"https:\/\/apex-race.com\/fr\/#website"},"datePublished":"2023-07-06T13:25:33+00:00","dateModified":"2023-07-29T07:18:12+00:00","description":"Plongez-vous dans l'univers des v\u00e9hicules avec Apex Race - votre source compl\u00e8te pour des critiques d\u00e9taill\u00e9es de voitures et de motos, des insights d'experts et du contenu vid\u00e9o de haute qualit\u00e9. Que vous soyez un passionn\u00e9 ou que vous vous pr\u00e9pariez pour votre prochain achat, nos \u00e9valuations approfondies et nos images palpitantes sont con\u00e7ues pour vous guider vers la meilleure d\u00e9cision. Conduisez votre passion avec Apex Race!","breadcrumb":{"@id":"https:\/\/apex-race.com\/fr\/#breadcrumb"},"inLanguage":"fr-FR","potentialAction":[{"@type":"ReadAction","target":["https:\/\/apex-race.com\/fr\/"]}]},{"@type":"BreadcrumbList","@id":"https:\/\/apex-race.com\/fr\/#breadcrumb","itemListElement":[{"@type":"ListItem","position":1,"name":"Home","item":"https:\/\/apex-race.com\/fr\/"},{"@type":"ListItem","position":2,"name":"Accueil"}]},{"@type":"WebSite","@id":"https:\/\/apex-race.com\/fr\/#website","url":"https:\/\/apex-race.com\/fr\/","name":"Apex Race","description":"Steering Your Passion for the Open Road","publisher":{"@id":"https:\/\/apex-race.com\/fr\/#organization"},"potentialAction":[{"@type":"SearchAction","target":{"@type":"EntryPoint","urlTemplate":"https:\/\/apex-race.com\/fr\/?s={search_term_string}"},"query-input":{"@type":"PropertyValueSpecification","valueRequired":true,"valueName":"search_term_string"}}],"inLanguage":"fr-FR"},{"@type":["Organization","Place"],"@id":"https:\/\/apex-race.com\/fr\/#organization","name":"Apex Race","alternateName":"AR","url":"https:\/\/apex-race.com\/fr\/","logo":{"@id":"https:\/\/apex-race.com\/fr\/#local-main-organization-logo"},"image":{"@id":"https:\/\/apex-race.com\/fr\/#local-main-organization-logo"},"sameAs":["https:\/\/www.facebook.com\/apexraceberlin"],"description":"Steering Your Passion for the Open Road","telephone":[],"openingHoursSpecification":[{"@type":"OpeningHoursSpecification","dayOfWeek":["Monday","Tuesday","Wednesday","Thursday","Friday","Saturday","Sunday"],"opens":"09:00","closes":"17:00"}]},{"@type":"ImageObject","inLanguage":"fr-FR","@id":"https:\/\/apex-race.com\/fr\/#local-main-organization-logo","url":"https:\/\/apex-race.com\/wp-content\/uploads\/2024\/10\/Apex-Race-Logo-Header-Dark-scaled-e1688797985282.jpeg","contentUrl":"https:\/\/apex-race.com\/wp-content\/uploads\/2024\/10\/Apex-Race-Logo-Header-Dark-scaled-e1688797985282.jpeg","width":125,"height":66,"caption":"Apex Race"}]}},"_links":{"self":[{"href":"https:\/\/apex-race.com\/fr\/wp-json\/wp\/v2\/pages\/726","targetHints":{"allow":["GET"]}}],"collection":[{"href":"https:\/\/apex-race.com\/fr\/wp-json\/wp\/v2\/pages"}],"about":[{"href":"https:\/\/apex-race.com\/fr\/wp-json\/wp\/v2\/types\/page"}],"author":[{"embeddable":true,"href":"https:\/\/apex-race.com\/fr\/wp-json\/wp\/v2\/users\/1"}],"replies":[{"embeddable":true,"href":"https:\/\/apex-race.com\/fr\/wp-json\/wp\/v2\/comments?post=726"}],"version-history":[{"count":4,"href":"https:\/\/apex-race.com\/fr\/wp-json\/wp\/v2\/pages\/726\/revisions"}],"predecessor-version":[{"id":3344,"href":"https:\/\/apex-race.com\/fr\/wp-json\/wp\/v2\/pages\/726\/revisions\/3344"}],"wp:attachment":[{"href":"https:\/\/apex-race.com\/fr\/wp-json\/wp\/v2\/media?parent=726"}],"curies":[{"name":"wp","href":"https:\/\/api.w.org\/{rel}","templated":true}]}}