{"id":783,"date":"2023-07-06T15:25:33","date_gmt":"2023-07-06T13:25:33","guid":{"rendered":"https:\/\/apex-race.com\/inicio\/"},"modified":"2023-07-29T09:37:59","modified_gmt":"2023-07-29T07:37:59","slug":"inicio","status":"publish","type":"page","link":"https:\/\/apex-race.com\/es\/","title":{"rendered":"Inicio"},"content":{"rendered":"<div class=\"fusion-fullwidth fullwidth-box fusion-builder-row-1 fusion-flex-container has-pattern-background has-mask-background nonhundred-percent-fullwidth non-hundred-percent-height-scrolling\" style=\"--awb-border-radius-top-left:0px;--awb-border-radius-top-right:0px;--awb-border-radius-bottom-right:0px;--awb-border-radius-bottom-left:0px;--awb-flex-wrap:wrap;\" ><div class=\"fusion-builder-row fusion-row fusion-flex-align-items-flex-start fusion-flex-content-wrap\" style=\"max-width:1248px;margin-left: calc(-4% \/ 2 );margin-right: calc(-4% \/ 2 );\"><div class=\"fusion-layout-column fusion_builder_column fusion-builder-column-0 fusion_builder_column_1_1 1_1 fusion-flex-column\" style=\"--awb-bg-size:cover;--awb-width-large:100%;--awb-margin-top-large:0px;--awb-spacing-right-large:1.92%;--awb-margin-bottom-large:20px;--awb-spacing-left-large:1.92%;--awb-width-medium:100%;--awb-order-medium:0;--awb-spacing-right-medium:1.92%;--awb-spacing-left-medium:1.92%;--awb-width-small:100%;--awb-order-small:0;--awb-spacing-right-small:1.92%;--awb-spacing-left-small:1.92%;\"><div class=\"fusion-column-wrapper fusion-column-has-shadow fusion-flex-justify-content-flex-start fusion-content-layout-column\"><div class=\"fusion-post-slider fusion-flexslider fusion-flexslider-loading flexslider-posts\"><ul class=\"slides\"><li><a href=\"https:\/\/apex-race.com\/es\/revision\/subaru-xv\/\" aria-label=\"Redescubre la Aventura Urbana: Conduce el Subaru XV Hoy\"><img decoding=\"async\" width=\"1792\" height=\"1024\" class=\"wp-image-14340\" src=\"https:\/\/apex-race.com\/wp-content\/uploads\/2024\/10\/2024-10-04-09.49.56-A-2012-Subaru-XV-parked-in-a-scenic-mountain-landscape-viewed-from-a-3_4-front-angle.-The-car-is-on-a-gravel-road-surrounded-by-tall-pine-trees-and-.webp\" alt=\"\" srcset=\"https:\/\/apex-race.com\/wp-content\/uploads\/2024\/10\/2024-10-04-09.49.56-A-2012-Subaru-XV-parked-in-a-scenic-mountain-landscape-viewed-from-a-3_4-front-angle.-The-car-is-on-a-gravel-road-surrounded-by-tall-pine-trees-and--200x114.webp 200w, https:\/\/apex-race.com\/wp-content\/uploads\/2024\/10\/2024-10-04-09.49.56-A-2012-Subaru-XV-parked-in-a-scenic-mountain-landscape-viewed-from-a-3_4-front-angle.-The-car-is-on-a-gravel-road-surrounded-by-tall-pine-trees-and--300x171.webp 300w, https:\/\/apex-race.com\/wp-content\/uploads\/2024\/10\/2024-10-04-09.49.56-A-2012-Subaru-XV-parked-in-a-scenic-mountain-landscape-viewed-from-a-3_4-front-angle.-The-car-is-on-a-gravel-road-surrounded-by-tall-pine-trees-and--400x229.webp 400w, https:\/\/apex-race.com\/wp-content\/uploads\/2024\/10\/2024-10-04-09.49.56-A-2012-Subaru-XV-parked-in-a-scenic-mountain-landscape-viewed-from-a-3_4-front-angle.-The-car-is-on-a-gravel-road-surrounded-by-tall-pine-trees-and--600x343.webp 600w, https:\/\/apex-race.com\/wp-content\/uploads\/2024\/10\/2024-10-04-09.49.56-A-2012-Subaru-XV-parked-in-a-scenic-mountain-landscape-viewed-from-a-3_4-front-angle.-The-car-is-on-a-gravel-road-surrounded-by-tall-pine-trees-and--768x439.webp 768w, https:\/\/apex-race.com\/wp-content\/uploads\/2024\/10\/2024-10-04-09.49.56-A-2012-Subaru-XV-parked-in-a-scenic-mountain-landscape-viewed-from-a-3_4-front-angle.-The-car-is-on-a-gravel-road-surrounded-by-tall-pine-trees-and--800x457.webp 800w, https:\/\/apex-race.com\/wp-content\/uploads\/2024\/10\/2024-10-04-09.49.56-A-2012-Subaru-XV-parked-in-a-scenic-mountain-landscape-viewed-from-a-3_4-front-angle.-The-car-is-on-a-gravel-road-surrounded-by-tall-pine-trees-and--1024x585.webp 1024w, https:\/\/apex-race.com\/wp-content\/uploads\/2024\/10\/2024-10-04-09.49.56-A-2012-Subaru-XV-parked-in-a-scenic-mountain-landscape-viewed-from-a-3_4-front-angle.-The-car-is-on-a-gravel-road-surrounded-by-tall-pine-trees-and--1200x686.webp 1200w, https:\/\/apex-race.com\/wp-content\/uploads\/2024\/10\/2024-10-04-09.49.56-A-2012-Subaru-XV-parked-in-a-scenic-mountain-landscape-viewed-from-a-3_4-front-angle.-The-car-is-on-a-gravel-road-surrounded-by-tall-pine-trees-and--1536x878.webp 1536w, https:\/\/apex-race.com\/wp-content\/uploads\/2024\/10\/2024-10-04-09.49.56-A-2012-Subaru-XV-parked-in-a-scenic-mountain-landscape-viewed-from-a-3_4-front-angle.-The-car-is-on-a-gravel-road-surrounded-by-tall-pine-trees-and-.webp 1792w\" sizes=\"(max-width: 640px) 100vw, 1200px\" \/><\/a><div class=\"slide-excerpt\"><h2><a href=\"https:\/\/apex-race.com\/es\/revision\/subaru-xv\/\">Redescubre la Aventura Urbana: Conduce el Subaru XV Hoy<\/a><\/h2><\/div><\/li><\/ul><\/div><div class=\"fusion-section-separator section-separator triangle fusion-section-separator-1\" style=\"--awb-border-top:30px solid #ffffff;--awb-spacer-height:30px;--awb-svg-margin-left:1.92%;--awb-svg-margin-right:1.92%;--awb-svg-margin-left-medium:1.92%;--awb-svg-margin-right-medium:1.92%;--awb-svg-margin-left-small:1.92%;--awb-svg-margin-right-small:1.92%;--awb-icon-color:var(--awb-color1);--awb-icon-top:-40px;\"><div class=\"fusion-section-separator-svg\"><div class=\"divider-candy-arrow top\" style=\"bottom:30px;border-bottom-color: var(--awb-color2);\"><\/div><div class=\"divider-candy top\" style=\"top:-50px;border-bottom:1px solid #ffffff;border-left:1px solid #ffffff;\"><\/div><\/div><div class=\"fusion-section-separator-spacer\"><div class=\"fusion-section-separator-spacer-height\"><\/div><\/div><\/div><div class=\"fusion-recent-posts fusion-recent-posts-1 avada-container layout-default layout-columns-3\"><section class=\"fusion-columns columns fusion-columns-3 columns-3\"><article class=\"post fusion-column column col col-lg-4 col-md-4 col-sm-4\"><div class=\"recent-posts-content\"><span class=\"vcard\" style=\"display: none;\"><span class=\"fn\"><a href=\"https:\/\/apex-race.com\/es\/author\/jakob\/\" title=\"Entradas de Jakob\" rel=\"author\">Jakob<\/a><\/span><\/span><span class=\"updated\" style=\"display:none;\">2024-12-12T15:35:34+01:00<\/span><h4 class=\"entry-title\"><a href=\"https:\/\/apex-race.com\/es\/revision\/mercedes-w140-un-icono-de-la-automocion\/\">Mercedes W140: Un \u00edcono de la automoci\u00f3n<\/a><\/h4><p class=\"meta\"><span class=\"vcard\" style=\"display: none;\"><span class=\"fn\"><a href=\"https:\/\/apex-race.com\/es\/author\/jakob\/\" title=\"Entradas de Jakob\" rel=\"author\">Jakob<\/a><\/span><\/span><span class=\"updated\" style=\"display:none;\">2024-12-12T15:35:34+01:00<\/span><\/p><\/div><\/article><article class=\"post fusion-column column col col-lg-4 col-md-4 col-sm-4\"><div class=\"fusion-flexslider fusion-flexslider-loading flexslider flexslider-hover-type-none\"><ul class=\"slides\"><li><a href=\"https:\/\/apex-race.com\/es\/revision\/subaru-xv\/\" aria-label=\"Redescubre la Aventura Urbana: Conduce el Subaru XV Hoy\" class=\"hover-type-none\"><img decoding=\"async\" width=\"700\" height=\"441\" src=\"https:\/\/apex-race.com\/wp-content\/uploads\/2024\/10\/2024-10-04-09.49.56-A-2012-Subaru-XV-parked-in-a-scenic-mountain-landscape-viewed-from-a-3_4-front-angle.-The-car-is-on-a-gravel-road-surrounded-by-tall-pine-trees-and--700x441.webp\" class=\"attachment-recent-posts size-recent-posts\" alt=\"\" srcset=\"https:\/\/apex-race.com\/wp-content\/uploads\/2024\/10\/2024-10-04-09.49.56-A-2012-Subaru-XV-parked-in-a-scenic-mountain-landscape-viewed-from-a-3_4-front-angle.-The-car-is-on-a-gravel-road-surrounded-by-tall-pine-trees-and--320x202.webp 320w, https:\/\/apex-race.com\/wp-content\/uploads\/2024\/10\/2024-10-04-09.49.56-A-2012-Subaru-XV-parked-in-a-scenic-mountain-landscape-viewed-from-a-3_4-front-angle.-The-car-is-on-a-gravel-road-surrounded-by-tall-pine-trees-and--700x441.webp 700w\" sizes=\"(max-width: 700px) 100vw, 700px\" \/><\/a><\/li><\/ul><\/div><div class=\"recent-posts-content\"><span class=\"vcard\" style=\"display: none;\"><span class=\"fn\"><a href=\"https:\/\/apex-race.com\/es\/author\/jakob\/\" title=\"Entradas de Jakob\" rel=\"author\">Jakob<\/a><\/span><\/span><span class=\"updated\" style=\"display:none;\">2024-12-19T12:00:25+01:00<\/span><h4 class=\"entry-title\"><a href=\"https:\/\/apex-race.com\/es\/revision\/subaru-xv\/\">Redescubre la Aventura Urbana: Conduce el Subaru XV Hoy<\/a><\/h4><p class=\"meta\"><span class=\"vcard\" style=\"display: none;\"><span class=\"fn\"><a href=\"https:\/\/apex-race.com\/es\/author\/jakob\/\" title=\"Entradas de Jakob\" rel=\"author\">Jakob<\/a><\/span><\/span><span class=\"updated\" style=\"display:none;\">2024-12-19T12:00:25+01:00<\/span><\/p><\/div><\/article><article class=\"post fusion-column column col col-lg-4 col-md-4 col-sm-4\"><div class=\"fusion-flexslider fusion-flexslider-loading flexslider flexslider-hover-type-none\"><ul class=\"slides\"><li><a href=\"https:\/\/apex-race.com\/es\/nissan-4\/descubre-la-emocion-sin-limites-resena-del-nissan-370z-roadster-no-te-lo-pierdas\/\" aria-label=\"Descubre la emoci\u00f3n sin l\u00edmites: Rese\u00f1a del Nissan 370Z Roadster \u00a1No te lo pierdas!\" class=\"hover-type-none\"><img decoding=\"async\" width=\"700\" height=\"441\" src=\"https:\/\/apex-race.com\/wp-content\/uploads\/2024\/01\/Nissan-370Z-700x441.jpg\" class=\"attachment-recent-posts size-recent-posts\" alt=\"\" srcset=\"https:\/\/apex-race.com\/wp-content\/uploads\/2024\/01\/Nissan-370Z-320x202.jpg 320w, https:\/\/apex-race.com\/wp-content\/uploads\/2024\/01\/Nissan-370Z-700x441.jpg 700w\" sizes=\"(max-width: 700px) 100vw, 700px\" \/><\/a><\/li><\/ul><\/div><div class=\"recent-posts-content\"><span class=\"vcard\" style=\"display: none;\"><span class=\"fn\"><a href=\"https:\/\/apex-race.com\/es\/author\/rodrigo\/\" title=\"Entradas de Rodrigo\" rel=\"author\">Rodrigo<\/a><\/span><\/span><span class=\"updated\" style=\"display:none;\">2025-03-11T09:46:38+01:00<\/span><h4 class=\"entry-title\"><a href=\"https:\/\/apex-race.com\/es\/nissan-4\/descubre-la-emocion-sin-limites-resena-del-nissan-370z-roadster-no-te-lo-pierdas\/\">Descubre la emoci\u00f3n sin l\u00edmites: Rese\u00f1a del Nissan 370Z Roadster \u00a1No te lo pierdas!<\/a><\/h4><p class=\"meta\"><span class=\"vcard\" style=\"display: none;\"><span class=\"fn\"><a href=\"https:\/\/apex-race.com\/es\/author\/rodrigo\/\" title=\"Entradas de Rodrigo\" rel=\"author\">Rodrigo<\/a><\/span><\/span><span class=\"updated\" style=\"display:none;\">2025-03-11T09:46:38+01:00<\/span><\/p><\/div><\/article><article class=\"post fusion-column column col col-lg-4 col-md-4 col-sm-4\"><div class=\"fusion-flexslider fusion-flexslider-loading flexslider flexslider-hover-type-none\"><ul class=\"slides\"><li><a href=\"https:\/\/apex-race.com\/es\/nissan-4\/descubre-la-potencia-y-estilo-del-nissan-x-trail-2012-una-revision-imprescindible-no-te-lo-pierdas\/\" aria-label=\"Descubre la potencia y estilo del Nissan X-Trail 2012: \u00a1Una revisi\u00f3n imprescindible! \u00a1No te lo pierdas!\" class=\"hover-type-none\"><img decoding=\"async\" width=\"700\" height=\"441\" src=\"https:\/\/apex-race.com\/wp-content\/uploads\/2024\/01\/Nissan-XTrail-700x441.jpg\" class=\"attachment-recent-posts size-recent-posts\" alt=\"\" srcset=\"https:\/\/apex-race.com\/wp-content\/uploads\/2024\/01\/Nissan-XTrail-320x202.jpg 320w, https:\/\/apex-race.com\/wp-content\/uploads\/2024\/01\/Nissan-XTrail-700x441.jpg 700w\" sizes=\"(max-width: 700px) 100vw, 700px\" \/><\/a><\/li><\/ul><\/div><div class=\"recent-posts-content\"><span class=\"vcard\" style=\"display: none;\"><span class=\"fn\"><a href=\"https:\/\/apex-race.com\/es\/author\/rodrigo\/\" title=\"Entradas de Rodrigo\" rel=\"author\">Rodrigo<\/a><\/span><\/span><span class=\"updated\" style=\"display:none;\">2025-03-11T09:41:31+01:00<\/span><h4 class=\"entry-title\"><a href=\"https:\/\/apex-race.com\/es\/nissan-4\/descubre-la-potencia-y-estilo-del-nissan-x-trail-2012-una-revision-imprescindible-no-te-lo-pierdas\/\">Descubre la potencia y estilo del Nissan X-Trail 2012: \u00a1Una revisi\u00f3n imprescindible! \u00a1No te lo pierdas!<\/a><\/h4><p class=\"meta\"><span class=\"vcard\" style=\"display: none;\"><span class=\"fn\"><a href=\"https:\/\/apex-race.com\/es\/author\/rodrigo\/\" title=\"Entradas de Rodrigo\" rel=\"author\">Rodrigo<\/a><\/span><\/span><span class=\"updated\" style=\"display:none;\">2025-03-11T09:41:31+01:00<\/span><\/p><\/div><\/article><article class=\"post fusion-column column col col-lg-4 col-md-4 col-sm-4\"><div class=\"recent-posts-content\"><span class=\"vcard\" style=\"display: none;\"><span class=\"fn\"><a href=\"https:\/\/apex-race.com\/es\/author\/rodrigo\/\" title=\"Entradas de Rodrigo\" rel=\"author\">Rodrigo<\/a><\/span><\/span><span class=\"updated\" style=\"display:none;\">2025-01-31T10:22:52+01:00<\/span><h4 class=\"entry-title\"><a href=\"https:\/\/apex-race.com\/es\/volkswagen-5\/descubre-el-vw-caddy-maxi-la-combinacion-perfecta-de-espacio-y-estilo-no-te-lo-pierdas\/\">Descubre el Caddy VW Maxi: La combinaci\u00f3n perfecta de espacio y estilo. \u00a1No te lo pierdas!<\/a><\/h4><p class=\"meta\"><span class=\"vcard\" style=\"display: none;\"><span class=\"fn\"><a href=\"https:\/\/apex-race.com\/es\/author\/rodrigo\/\" title=\"Entradas de Rodrigo\" rel=\"author\">Rodrigo<\/a><\/span><\/span><span class=\"updated\" style=\"display:none;\">2025-01-31T10:22:52+01:00<\/span><\/p><\/div><\/article><article class=\"post fusion-column column col col-lg-4 col-md-4 col-sm-4\"><div class=\"recent-posts-content\"><span class=\"vcard\" style=\"display: none;\"><span class=\"fn\"><a href=\"https:\/\/apex-race.com\/es\/author\/rodrigo\/\" title=\"Entradas de Rodrigo\" rel=\"author\">Rodrigo<\/a><\/span><\/span><span class=\"updated\" style=\"display:none;\">2025-01-30T10:36:27+01:00<\/span><h4 class=\"entry-title\"><a href=\"https:\/\/apex-race.com\/es\/volkswagen-5\/descubre-la-experiencia-de-conducir-el-vw-golf-4-un-analisis-completo\/\">Descubre la Experiencia de Conducir el VW Golf 4: \u00a1Un An\u00e1lisis Completo!<\/a><\/h4><p class=\"meta\"><span class=\"vcard\" style=\"display: none;\"><span class=\"fn\"><a href=\"https:\/\/apex-race.com\/es\/author\/rodrigo\/\" title=\"Entradas de Rodrigo\" rel=\"author\">Rodrigo<\/a><\/span><\/span><span class=\"updated\" style=\"display:none;\">2025-01-30T10:36:27+01:00<\/span><\/p><\/div><\/article><\/section><\/div><\/div><\/div><\/div><\/div>\n","protected":false},"excerpt":{"rendered":"","protected":false},"author":1,"featured_media":0,"parent":0,"menu_order":0,"comment_status":"closed","ping_status":"closed","template":"100-width.php","meta":{"footnotes":""},"class_list":["post-783","page","type-page","status-publish","hentry"],"yoast_head":"<!-- This site is optimized with the Yoast SEO Premium plugin v26.2 (Yoast SEO v27.5) - https:\/\/yoast.com\/product\/yoast-seo-premium-wordpress\/ -->\n<title>Inicio - Apex Race<\/title>\n<meta name=\"description\" content=\"Sum\u00e9rgete en el mundo de los veh\u00edculos con Apex Race: tu fuente integral para rese\u00f1as detalladas de coches y motos, opiniones de expertos y contenido en video de alta calidad. Ya seas un entusiasta o te est\u00e9s preparando para tu pr\u00f3xima compra, nuestras evaluaciones en profundidad y videos emocionantes est\u00e1n dise\u00f1ados para guiarte hacia la mejor decisi\u00f3n. Conduce tu pasi\u00f3n con Apex Race!\" \/>\n<meta name=\"robots\" content=\"index, follow, max-snippet:-1, max-image-preview:large, max-video-preview:-1\" \/>\n<link rel=\"canonical\" href=\"https:\/\/apex-race.com\/es\/\" \/>\n<meta property=\"og:locale\" content=\"es_ES\" \/>\n<meta property=\"og:type\" content=\"article\" \/>\n<meta property=\"og:title\" content=\"Inicio\" \/>\n<meta property=\"og:description\" content=\"Sum\u00e9rgete en el mundo de los veh\u00edculos con Apex Race: tu fuente integral para rese\u00f1as detalladas de coches y motos, opiniones de expertos y contenido en video de alta calidad. Ya seas un entusiasta o te est\u00e9s preparando para tu pr\u00f3xima compra, nuestras evaluaciones en profundidad y videos emocionantes est\u00e1n dise\u00f1ados para guiarte hacia la mejor decisi\u00f3n. Conduce tu pasi\u00f3n con Apex Race!\" \/>\n<meta property=\"og:url\" content=\"https:\/\/apex-race.com\/es\/\" \/>\n<meta property=\"og:site_name\" content=\"Apex Race\" \/>\n<meta property=\"article:publisher\" content=\"https:\/\/www.facebook.com\/apexraceberlin\" \/>\n<meta property=\"article:modified_time\" content=\"2023-07-29T07:37:59+00:00\" \/>\n<meta name=\"twitter:card\" content=\"summary_large_image\" \/>\n<meta name=\"twitter:label1\" content=\"Tiempo de lectura\" \/>\n\t<meta name=\"twitter:data1\" content=\"2 minutos\" \/>\n<script type=\"application\/ld+json\" class=\"yoast-schema-graph\">{\"@context\":\"https:\\\/\\\/schema.org\",\"@graph\":[{\"@type\":\"WebPage\",\"@id\":\"https:\\\/\\\/apex-race.com\\\/es\\\/\",\"url\":\"https:\\\/\\\/apex-race.com\\\/es\\\/\",\"name\":\"Inicio - Apex Race\",\"isPartOf\":{\"@id\":\"https:\\\/\\\/apex-race.com\\\/es\\\/#website\"},\"datePublished\":\"2023-07-06T13:25:33+00:00\",\"dateModified\":\"2023-07-29T07:37:59+00:00\",\"description\":\"Sum\u00e9rgete en el mundo de los veh\u00edculos con Apex Race: tu fuente integral para rese\u00f1as detalladas de coches y motos, opiniones de expertos y contenido en video de alta calidad. Ya seas un entusiasta o te est\u00e9s preparando para tu pr\u00f3xima compra, nuestras evaluaciones en profundidad y videos emocionantes est\u00e1n dise\u00f1ados para guiarte hacia la mejor decisi\u00f3n. Conduce tu pasi\u00f3n con Apex Race!\",\"breadcrumb\":{\"@id\":\"https:\\\/\\\/apex-race.com\\\/es\\\/#breadcrumb\"},\"inLanguage\":\"es\",\"potentialAction\":[{\"@type\":\"ReadAction\",\"target\":[\"https:\\\/\\\/apex-race.com\\\/es\\\/\"]}]},{\"@type\":\"BreadcrumbList\",\"@id\":\"https:\\\/\\\/apex-race.com\\\/es\\\/#breadcrumb\",\"itemListElement\":[{\"@type\":\"ListItem\",\"position\":1,\"name\":\"Home\",\"item\":\"https:\\\/\\\/apex-race.com\\\/es\\\/\"},{\"@type\":\"ListItem\",\"position\":2,\"name\":\"Inicio\"}]},{\"@type\":\"WebSite\",\"@id\":\"https:\\\/\\\/apex-race.com\\\/es\\\/#website\",\"url\":\"https:\\\/\\\/apex-race.com\\\/es\\\/\",\"name\":\"Apex Race\",\"description\":\"Steering Your Passion for the Open Road\",\"publisher\":{\"@id\":\"https:\\\/\\\/apex-race.com\\\/es\\\/#organization\"},\"potentialAction\":[{\"@type\":\"SearchAction\",\"target\":{\"@type\":\"EntryPoint\",\"urlTemplate\":\"https:\\\/\\\/apex-race.com\\\/es\\\/?s={search_term_string}\"},\"query-input\":{\"@type\":\"PropertyValueSpecification\",\"valueRequired\":true,\"valueName\":\"search_term_string\"}}],\"inLanguage\":\"es\"},{\"@type\":[\"Organization\",\"Place\"],\"@id\":\"https:\\\/\\\/apex-race.com\\\/es\\\/#organization\",\"name\":\"Apex Race\",\"alternateName\":\"AR\",\"url\":\"https:\\\/\\\/apex-race.com\\\/es\\\/\",\"logo\":{\"@id\":\"https:\\\/\\\/apex-race.com\\\/es\\\/#local-main-organization-logo\"},\"image\":{\"@id\":\"https:\\\/\\\/apex-race.com\\\/es\\\/#local-main-organization-logo\"},\"sameAs\":[\"https:\\\/\\\/www.facebook.com\\\/apexraceberlin\"],\"description\":\"Steering Your Passion for the Open Road\",\"telephone\":[],\"openingHoursSpecification\":[{\"@type\":\"OpeningHoursSpecification\",\"dayOfWeek\":[\"Monday\",\"Tuesday\",\"Wednesday\",\"Thursday\",\"Friday\",\"Saturday\",\"Sunday\"],\"opens\":\"09:00\",\"closes\":\"17:00\"}]},{\"@type\":\"ImageObject\",\"inLanguage\":\"es\",\"@id\":\"https:\\\/\\\/apex-race.com\\\/es\\\/#local-main-organization-logo\",\"url\":\"https:\\\/\\\/apex-race.com\\\/wp-content\\\/uploads\\\/2024\\\/10\\\/Apex-Race-Logo-Header-Dark-scaled-e1688797985282.jpeg\",\"contentUrl\":\"https:\\\/\\\/apex-race.com\\\/wp-content\\\/uploads\\\/2024\\\/10\\\/Apex-Race-Logo-Header-Dark-scaled-e1688797985282.jpeg\",\"width\":125,\"height\":66,\"caption\":\"Apex Race\"}]}<\/script>\n<!-- \/ Yoast SEO Premium plugin. -->","yoast_head_json":{"title":"Inicio - Apex Race","description":"Sum\u00e9rgete en el mundo de los veh\u00edculos con Apex Race: tu fuente integral para rese\u00f1as detalladas de coches y motos, opiniones de expertos y contenido en video de alta calidad. Ya seas un entusiasta o te est\u00e9s preparando para tu pr\u00f3xima compra, nuestras evaluaciones en profundidad y videos emocionantes est\u00e1n dise\u00f1ados para guiarte hacia la mejor decisi\u00f3n. Conduce tu pasi\u00f3n con Apex Race!","robots":{"index":"index","follow":"follow","max-snippet":"max-snippet:-1","max-image-preview":"max-image-preview:large","max-video-preview":"max-video-preview:-1"},"canonical":"https:\/\/apex-race.com\/es\/","og_locale":"es_ES","og_type":"article","og_title":"Inicio","og_description":"Sum\u00e9rgete en el mundo de los veh\u00edculos con Apex Race: tu fuente integral para rese\u00f1as detalladas de coches y motos, opiniones de expertos y contenido en video de alta calidad. Ya seas un entusiasta o te est\u00e9s preparando para tu pr\u00f3xima compra, nuestras evaluaciones en profundidad y videos emocionantes est\u00e1n dise\u00f1ados para guiarte hacia la mejor decisi\u00f3n. Conduce tu pasi\u00f3n con Apex Race!","og_url":"https:\/\/apex-race.com\/es\/","og_site_name":"Apex Race","article_publisher":"https:\/\/www.facebook.com\/apexraceberlin","article_modified_time":"2023-07-29T07:37:59+00:00","twitter_card":"summary_large_image","twitter_misc":{"Tiempo de lectura":"2 minutos"},"schema":{"@context":"https:\/\/schema.org","@graph":[{"@type":"WebPage","@id":"https:\/\/apex-race.com\/es\/","url":"https:\/\/apex-race.com\/es\/","name":"Inicio - Apex Race","isPartOf":{"@id":"https:\/\/apex-race.com\/es\/#website"},"datePublished":"2023-07-06T13:25:33+00:00","dateModified":"2023-07-29T07:37:59+00:00","description":"Sum\u00e9rgete en el mundo de los veh\u00edculos con Apex Race: tu fuente integral para rese\u00f1as detalladas de coches y motos, opiniones de expertos y contenido en video de alta calidad. Ya seas un entusiasta o te est\u00e9s preparando para tu pr\u00f3xima compra, nuestras evaluaciones en profundidad y videos emocionantes est\u00e1n dise\u00f1ados para guiarte hacia la mejor decisi\u00f3n. Conduce tu pasi\u00f3n con Apex Race!","breadcrumb":{"@id":"https:\/\/apex-race.com\/es\/#breadcrumb"},"inLanguage":"es","potentialAction":[{"@type":"ReadAction","target":["https:\/\/apex-race.com\/es\/"]}]},{"@type":"BreadcrumbList","@id":"https:\/\/apex-race.com\/es\/#breadcrumb","itemListElement":[{"@type":"ListItem","position":1,"name":"Home","item":"https:\/\/apex-race.com\/es\/"},{"@type":"ListItem","position":2,"name":"Inicio"}]},{"@type":"WebSite","@id":"https:\/\/apex-race.com\/es\/#website","url":"https:\/\/apex-race.com\/es\/","name":"Apex Race","description":"Steering Your Passion for the Open Road","publisher":{"@id":"https:\/\/apex-race.com\/es\/#organization"},"potentialAction":[{"@type":"SearchAction","target":{"@type":"EntryPoint","urlTemplate":"https:\/\/apex-race.com\/es\/?s={search_term_string}"},"query-input":{"@type":"PropertyValueSpecification","valueRequired":true,"valueName":"search_term_string"}}],"inLanguage":"es"},{"@type":["Organization","Place"],"@id":"https:\/\/apex-race.com\/es\/#organization","name":"Apex Race","alternateName":"AR","url":"https:\/\/apex-race.com\/es\/","logo":{"@id":"https:\/\/apex-race.com\/es\/#local-main-organization-logo"},"image":{"@id":"https:\/\/apex-race.com\/es\/#local-main-organization-logo"},"sameAs":["https:\/\/www.facebook.com\/apexraceberlin"],"description":"Steering Your Passion for the Open Road","telephone":[],"openingHoursSpecification":[{"@type":"OpeningHoursSpecification","dayOfWeek":["Monday","Tuesday","Wednesday","Thursday","Friday","Saturday","Sunday"],"opens":"09:00","closes":"17:00"}]},{"@type":"ImageObject","inLanguage":"es","@id":"https:\/\/apex-race.com\/es\/#local-main-organization-logo","url":"https:\/\/apex-race.com\/wp-content\/uploads\/2024\/10\/Apex-Race-Logo-Header-Dark-scaled-e1688797985282.jpeg","contentUrl":"https:\/\/apex-race.com\/wp-content\/uploads\/2024\/10\/Apex-Race-Logo-Header-Dark-scaled-e1688797985282.jpeg","width":125,"height":66,"caption":"Apex Race"}]}},"_links":{"self":[{"href":"https:\/\/apex-race.com\/es\/wp-json\/wp\/v2\/pages\/783","targetHints":{"allow":["GET"]}}],"collection":[{"href":"https:\/\/apex-race.com\/es\/wp-json\/wp\/v2\/pages"}],"about":[{"href":"https:\/\/apex-race.com\/es\/wp-json\/wp\/v2\/types\/page"}],"author":[{"embeddable":true,"href":"https:\/\/apex-race.com\/es\/wp-json\/wp\/v2\/users\/1"}],"replies":[{"embeddable":true,"href":"https:\/\/apex-race.com\/es\/wp-json\/wp\/v2\/comments?post=783"}],"version-history":[{"count":3,"href":"https:\/\/apex-race.com\/es\/wp-json\/wp\/v2\/pages\/783\/revisions"}],"predecessor-version":[{"id":3355,"href":"https:\/\/apex-race.com\/es\/wp-json\/wp\/v2\/pages\/783\/revisions\/3355"}],"wp:attachment":[{"href":"https:\/\/apex-race.com\/es\/wp-json\/wp\/v2\/media?parent=783"}],"curies":[{"name":"wp","href":"https:\/\/api.w.org\/{rel}","templated":true}]}}